{"id":5516,"date":"2026-04-30T07:11:52","date_gmt":"2026-04-30T11:11:52","guid":{"rendered":"https:\/\/v2aconsulting.com\/servicios\/digital-transformation-and-ai\/"},"modified":"2026-04-30T07:19:50","modified_gmt":"2026-04-30T11:19:50","slug":"transformacion-digital-e-ia","status":"publish","type":"page","link":"https:\/\/v2aconsulting.com\/es\/servicios\/transformacion-digital-e-ia\/","title":{"rendered":"Transformaci\u00f3n Digital e IA"},"content":{"rendered":"<div class=\"wpb-content-wrapper\"><p>[vc_section full_width=\"stretch_row\" el_class=\"title-hero\" css=\".vc_custom_1720711099290{background-image: url(https:\/\/v2aconsulting.com\/wp-content\/uploads\/2024\/07\/slider-bg-1.jpg?id=77) !important;background-position: center !important;background-repeat: no-repeat !important;background-size: cover !important;}\"][vc_row full_width=\"stretch_row\"][vc_column][vc_column_text css=\"\" el_class=\"heading-with-line-1 white\"]<\/p>\n<h2>Transformaci\u00f3n Digital e IA<\/h2>\n<p>[\/vc_column_text][\/vc_column][\/vc_row][\/vc_section][vc_section full_width=\"stretch_row\"][vc_row full_width=\"stretch_row\"][vc_column][vc_column_text css=\"\" el_class=\"celeste max-width-1050\"]<\/p>\n<h5>La Transformaci\u00f3n Digital y la Inteligencia Artificial ya no son conversaciones separadas \u2014 son dos etapas del mismo camino.<\/h5>\n<p>[\/vc_column_text][vc_column_text css=\"\"]En V2A Consulting, ayudamos a las organizaciones a construir la base operativa a trav\u00e9s de la transformaci\u00f3n digital, para luego escalar su impacto mediante soluciones inteligentes impulsadas por IA.<\/p>\n<p>Nuestro marco de trabajo se fundamenta en un diagn\u00f3stico profundo del journey y la experiencia del cliente, tanto interna como externamente, para identificar puntos de dolor en los procesos. Aprovechamos la metodolog\u00eda LEAN para identificar oportunidades a nivel de Sistemas Operativos, Infraestructura de Gesti\u00f3n, y Mentalidad y Comportamiento Organizacional. A partir de ah\u00ed, incorporamos capacidades de IA para llevar a las organizaciones de la eficiencia a la inteligencia. Pero una estrategia sin ejecuci\u00f3n es solo un plan, por eso acompa\u00f1amos durante la implementaci\u00f3n, integrando pr\u00e1cticas de gesti\u00f3n del cambio que impulsan la adopci\u00f3n, desarrollan capacidades internas y garantizan que las soluciones generen un impacto duradero mucho despu\u00e9s de finalizado el proyecto.[\/vc_column_text][\/vc_column][\/vc_row][\/vc_section][vc_section full_width=\"stretch_row\" css=\".vc_custom_1721320832443{background-color: #f4f4f4 !important;}\" el_class=\"img-border-radius-1\"][vc_row full_width=\"stretch_row\"][vc_column][vc_column_text css=\"\" el_class=\"section-heading centered\"]<\/p>\n<h4 style=\"text-align: center;\">\u00c1reas de Especializaci\u00f3n<\/h4>\n<p>[\/vc_column_text][\/vc_column][\/vc_row][vc_row gap=\"35\" content_placement=\"middle\" el_class=\"invert-mobile\"][vc_column width=\"1\/2\"][vc_column_text css=\"\" el_class=\"heading-with-line-1\"]<\/p>\n<h4>Estrategia de Transformaci\u00f3n Digital<\/h4>\n<p>Una estrategia de transformaci\u00f3n digital exitosa es esencial para las organizaciones que buscan ventaja competitiva en el mercado actual. En V2A Consulting aprovechamos nuestro Marco de Madurez Digital para evaluar d\u00f3nde se encuentra su organizaci\u00f3n hoy y desarrollar una estrategia alineada con su visi\u00f3n y objetivos. Evaluamos las oportunidades de negocio para establecer una visi\u00f3n digital, una hoja de ruta y un portafolio de iniciativas y soluciones de transformaci\u00f3n digital.[\/vc_column_text][\/vc_column][vc_column width=\"1\/2\"][vc_single_image image=\"4037\" img_size=\"full\" alignment=\"center\" css=\"\"][\/vc_column][\/vc_row][vc_row gap=\"35\" content_placement=\"middle\" el_class=\"invert-mobile\"][vc_column width=\"1\/2\"][vc_single_image image=\"610\" img_size=\"full\" alignment=\"center\" css=\"\"][\/vc_column][vc_column width=\"1\/2\"][vc_column_text css=\"\" el_class=\"heading-with-line-1\"]<\/p>\n<h4>Soluciones Digitales Personalizadas<\/h4>\n<p>Las soluciones digitales personalizadas est\u00e1n dise\u00f1adas para satisfacer las necesidades y requerimientos espec\u00edficos de una organizaci\u00f3n, abordando sus desaf\u00edos particulares y asegurando una transformaci\u00f3n digital exitosa. V2A Consulting aplica diagn\u00f3sticos LEAN, optimizaci\u00f3n de flujos de trabajo y desarrollo \u00e1gil mediante nuestro Marco DevOps de V2A para automatizar procesos, mejorar la experiencia del usuario y garantizar la mejora continua. Nuestra capacidad de prototipado r\u00e1pido nos permite pasar de la idea a soluciones funcionales en semanas, no meses, brindando a los clientes una prueba de valor temprana mientras el desarrollo a escala completa est\u00e1 en marcha.[\/vc_column_text][\/vc_column][\/vc_row][vc_row gap=\"35\" content_placement=\"middle\"][vc_column width=\"1\/2\"][vc_column_text css=\"\" el_class=\"heading-with-line-1\"]<\/p>\n<h4>Inteligencia Artificial y Automatizaci\u00f3n Inteligente<\/h4>\n<p>Nuestras ofertas de servicios de IA ayudan a las organizaciones a ir m\u00e1s all\u00e1 de la automatizaci\u00f3n hacia la inteligencia. Trabajamos en cinco \u00e1reas clave:<\/p>\n<ul>\n<li><strong>Procesamiento del Lenguaje Natural (NLP)<\/strong> \u2014 Interpret and analyze human language across text, audio, and customer interaction channels to gauge sentiment, identify pain points, and improve decision-making.<\/li>\n<li><strong>Machine Learning<\/strong> \u2014 Entrenamos modelos para optimizar la toma de decisiones del cliente, habilitar predicciones, recomendaciones personalizadas, segmentaci\u00f3n de clientes y detecci\u00f3n de fraude.<\/li>\n<li><strong>Visi\u00f3n por Computadora<\/strong> \u2014 Identifica, extrae y procesa datos visuales de documentos e im\u00e1genes, permitiendo una gesti\u00f3n documental e integraci\u00f3n de datos m\u00e1s r\u00e1pida y precisa.<\/li>\n<li><strong>IA Generativa <\/strong> \u2014 Desplegamos sistemas de IA que generan contenido de forma aut\u00f3noma, apoyan procesos de ventas y asisten a los clientes en sus operaciones y consultas diarias.<\/li>\n<li><strong>Automatizaci\u00f3n Rob\u00f3tica de Procesos (RPA)<\/strong> \u2014 Utilizamos robots de software para automatizar tareas repetitivas y basadas en reglas, reduciendo errores, aumentando la eficiencia y liberando a su equipo para enfocarse en trabajo de mayor valor.<\/li>\n<\/ul>\n<p>[\/vc_column_text][\/vc_column][vc_column width=\"1\/2\"][vc_single_image image=\"627\" img_size=\"full\" alignment=\"center\" css=\"\"][\/vc_column][\/vc_row][vc_row gap=\"35\" content_placement=\"middle\"][vc_column width=\"1\/2\"][vc_single_image image=\"612\" img_size=\"full\" alignment=\"center\" css=\"\"][\/vc_column][vc_column width=\"1\/2\"][vc_column_text css=\"\" el_class=\"heading-with-line-1\"]<\/p>\n<h4>Agentes de IA y Adopci\u00f3n<\/h4>\n<p>Ayudamos a las organizaciones a desarrollar e integrar agentes de IA adaptados a sus operaciones, y acompa\u00f1amos a la direcci\u00f3n y a los equipos en el cambio organizacional y cultural que requiere la adopci\u00f3n de IA para generar un impacto real.[\/vc_column_text][\/vc_column][\/vc_row][\/vc_section][vc_section full_width=\"stretch_row\"][vc_row full_width=\"stretch_row\"][vc_column][vc_column_text css=\"\" el_class=\"section-heading centered\"]<\/p>\n<h2 style=\"text-align: center;\">Historias de \u00e9xito<\/h2>\n<p>[\/vc_column_text][\/vc_column][\/vc_row][vc_row gap=\"35\"][vc_column width=\"1\/12\"][\/vc_column][vc_column width=\"5\/12\"][vc_video link=\"https:\/\/www.youtube.com\/watch?v=6ZfxtFHVnOo\" css=\"\"][\/vc_column][vc_column width=\"5\/12\"][vc_video link=\"https:\/\/www.youtube.com\/watch?v=iHoyeQfMgN0\" css=\"\"][\/vc_column][vc_column width=\"1\/12\"][\/vc_column][\/vc_row][\/vc_section][vc_section full_width=\"stretch_row\" el_class=\"related-insights-section\"][vc_row full_width=\"stretch_row\"][vc_column][vc_column_text css=\"\" el_class=\"heading-with-line-1\"]<\/p>\n<h2>Webinars<\/h2>\n<p>[\/vc_column_text][vc_row_inner][vc_column_inner width=\"1\/12\"][\/vc_column_inner][vc_column_inner width=\"5\/12\"][vc_video link=\"https:\/\/www.youtube.com\/watch?v=8wbJg7Lh89Q\" css=\"\"][\/vc_column_inner][vc_column_inner width=\"5\/12\"][vc_video link=\"https:\/\/www.youtube.com\/watch?v=FoMSqh8NzIw\" css=\"\"][\/vc_column_inner][vc_column_inner width=\"1\/12\"][\/vc_column_inner][\/vc_row_inner][\/vc_column][\/vc_row][\/vc_section][vc_section full_width=\"stretch_row\" el_class=\"related-insights-section\"][vc_row full_width=\"stretch_row\"][vc_column][vc_column_text css=\"\" el_class=\"heading-with-line-1\"]<\/p>\n<h2>Insights relacionados<\/h2>\n<p>[\/vc_column_text][vc_basic_grid post_type=\"insights\" max_items=\"3\" gap=\"35\" item=\"51\" css=\"\" grid_id=\"vc_gid:1777547612004-dc8aa9a4-917c-7\" taxonomies=\"61, 23\" el_class=\"grid-related-insights\"][vc_column_text css=\"\" el_class=\"button-01\"]<\/p>\n<p style=\"text-align: center;\"><a href=\"https:\/\/v2aconsulting.com\/es\/insights\/\">M\u00e1s insights<\/a><\/p>\n<p>[\/vc_column_text][\/vc_column][\/vc_row][\/vc_section]<\/p>\n<\/div>","protected":false},"excerpt":{"rendered":"<p>[vc_section full_width=\"stretch_row\" el_class=\"title-hero\" css=\".vc_custom_1720711099290{background-image: url(https:\/\/v2aconsulting.com\/wp-content\/uploads\/2024\/07\/slider-bg-1.jpg?id=77) !important;background-position: center !important;background-repeat: no-repeat !important;background-size: cover !important;}\"][vc_row full_width=\"stretch_row\"][vc_column][vc_column_text css=\"\" el_class=\"heading-with-line-1 white\"] Transformaci\u00f3n Digital e IA [&hellip;]<\/p>\n","protected":false},"author":5,"featured_media":0,"parent":4068,"menu_order":0,"comment_status":"closed","ping_status":"closed","template":"","meta":{"_acf_changed":false,"inline_featured_image":false,"site-sidebar-layout":"no-sidebar","site-content-layout":"plain-container","ast-site-content-layout":"default","site-content-style":"default","site-sidebar-style":"default","ast-global-header-display":"","ast-banner-title-visibility":"","ast-main-header-display":"","ast-hfb-above-header-display":"","ast-hfb-below-header-display":"","ast-hfb-mobile-header-display":"","site-post-title":"disabled","ast-breadcrumbs-content":"","ast-featured-img":"disabled","footer-sml-layout":"","theme-transparent-header-meta":"default","adv-header-id-meta":"","stick-header-meta":"default","header-above-stick-meta":"","header-main-stick-meta":"","header-below-stick-meta":"","astra-migrate-meta-layouts":"set","ast-page-background-enabled":"default","ast-page-background-meta":{"desktop":{"background-color":"var(--ast-global-color-4)","background-image":"","background-repeat":"repeat","background-position":"center center","background-size":"auto","background-attachment":"scroll","background-type":"","background-media":"","overlay-type":"","overlay-color":"","overlay-opacity":"","overlay-gradient":""},"tablet":{"background-color":"","background-image":"","background-repeat":"repeat","background-position":"center center","background-size":"auto","background-attachment":"scroll","background-type":"","background-media":"","overlay-type":"","overlay-color":"","overlay-opacity":"","overlay-gradient":""},"mobile":{"background-color":"","background-image":"","background-repeat":"repeat","background-position":"center center","background-size":"auto","background-attachment":"scroll","background-type":"","background-media":"","overlay-type":"","overlay-color":"","overlay-opacity":"","overlay-gradient":""}},"ast-content-background-meta":{"desktop":{"background-color":"var(--ast-global-color-5)","background-image":"","background-repeat":"repeat","background-position":"center center","background-size":"auto","background-attachment":"scroll","background-type":"","background-media":"","overlay-type":"","overlay-color":"","overlay-opacity":"","overlay-gradient":""},"tablet":{"background-color":"var(--ast-global-color-5)","background-image":"","background-repeat":"repeat","background-position":"center center","background-size":"auto","background-attachment":"scroll","background-type":"","background-media":"","overlay-type":"","overlay-color":"","overlay-opacity":"","overlay-gradient":""},"mobile":{"background-color":"var(--ast-global-color-5)","background-image":"","background-repeat":"repeat","background-position":"center center","background-size":"auto","background-attachment":"scroll","background-type":"","background-media":"","overlay-type":"","overlay-color":"","overlay-opacity":"","overlay-gradient":""}},"footnotes":""},"class_list":["post-5516","page","type-page","status-publish","hentry"],"acf":[],"yoast_head":"<!-- This site is optimized with the Yoast SEO Premium plugin v24.4 (Yoast SEO v27.5) - https:\/\/yoast.com\/product\/yoast-seo-premium-wordpress\/ -->\n<title>Transformaci\u00f3n Digital e IA - V2A<\/title>\n<meta name=\"robots\" content=\"index, follow, max-snippet:-1, max-image-preview:large, max-video-preview:-1\" \/>\n<link rel=\"canonical\" href=\"https:\/\/v2aconsulting.com\/es\/servicios\/transformacion-digital-e-ia\/\" \/>\n<meta property=\"og:locale\" content=\"es_ES\" \/>\n<meta property=\"og:type\" content=\"article\" \/>\n<meta property=\"og:title\" content=\"Transformaci\u00f3n Digital e IA\" \/>\n<meta property=\"og:description\" content=\"[vc_section full_width=&quot;stretch_row&quot; el_class=&quot;title-hero&quot; css=&quot;.vc_custom_1720711099290{background-image: url(https:\/\/v2aconsulting.com\/wp-content\/uploads\/2024\/07\/slider-bg-1.jpg?id=77) !important;background-position: center !important;background-repeat: no-repeat !important;background-size: cover !important;}&quot;][vc_row full_width=&quot;stretch_row&quot;][vc_column][vc_column_text css=&quot;&quot; el_class=&quot;heading-with-line-1 white&quot;] Transformaci\u00f3n Digital e IA [&hellip;]\" \/>\n<meta property=\"og:url\" content=\"https:\/\/v2aconsulting.com\/es\/servicios\/transformacion-digital-e-ia\/\" \/>\n<meta property=\"og:site_name\" content=\"V2A\" \/>\n<meta property=\"article:modified_time\" content=\"2026-04-30T11:19:50+00:00\" \/>\n<meta property=\"og:image\" content=\"https:\/\/v2aconsulting.com\/wp-content\/uploads\/2025\/02\/V2A-Opengraph.jpg\" \/>\n\t<meta property=\"og:image:width\" content=\"2000\" \/>\n\t<meta property=\"og:image:height\" content=\"835\" \/>\n\t<meta property=\"og:image:type\" content=\"image\/jpeg\" \/>\n<meta name=\"twitter:card\" content=\"summary_large_image\" \/>\n<meta name=\"twitter:label1\" content=\"Tiempo de lectura\" \/>\n\t<meta name=\"twitter:data1\" content=\"4 minutos\" \/>\n<script type=\"application\/ld+json\" class=\"yoast-schema-graph\">{\"@context\":\"https:\\\/\\\/schema.org\",\"@graph\":[{\"@type\":\"WebPage\",\"@id\":\"https:\\\/\\\/v2aconsulting.com\\\/es\\\/servicios\\\/transformacion-digital-e-ia\\\/\",\"url\":\"https:\\\/\\\/v2aconsulting.com\\\/es\\\/servicios\\\/transformacion-digital-e-ia\\\/\",\"name\":\"Transformaci\u00f3n Digital e IA - V2A\",\"isPartOf\":{\"@id\":\"https:\\\/\\\/v2aconsulting.com\\\/es\\\/#website\"},\"datePublished\":\"2026-04-30T11:11:52+00:00\",\"dateModified\":\"2026-04-30T11:19:50+00:00\",\"breadcrumb\":{\"@id\":\"https:\\\/\\\/v2aconsulting.com\\\/es\\\/servicios\\\/transformacion-digital-e-ia\\\/#breadcrumb\"},\"inLanguage\":\"es\",\"potentialAction\":[{\"@type\":\"ReadAction\",\"target\":[\"https:\\\/\\\/v2aconsulting.com\\\/es\\\/servicios\\\/transformacion-digital-e-ia\\\/\"]}]},{\"@type\":\"BreadcrumbList\",\"@id\":\"https:\\\/\\\/v2aconsulting.com\\\/es\\\/servicios\\\/transformacion-digital-e-ia\\\/#breadcrumb\",\"itemListElement\":[{\"@type\":\"ListItem\",\"position\":1,\"name\":\"Home\",\"item\":\"https:\\\/\\\/v2aconsulting.com\\\/es\\\/\"},{\"@type\":\"ListItem\",\"position\":2,\"name\":\"Servicios\",\"item\":\"https:\\\/\\\/v2aconsulting.com\\\/es\\\/services\\\/\"},{\"@type\":\"ListItem\",\"position\":3,\"name\":\"Transformaci\u00f3n Digital e IA\"}]},{\"@type\":\"WebSite\",\"@id\":\"https:\\\/\\\/v2aconsulting.com\\\/es\\\/#website\",\"url\":\"https:\\\/\\\/v2aconsulting.com\\\/es\\\/\",\"name\":\"V2A\",\"description\":\"\",\"publisher\":{\"@id\":\"https:\\\/\\\/v2aconsulting.com\\\/es\\\/#organization\"},\"potentialAction\":[{\"@type\":\"SearchAction\",\"target\":{\"@type\":\"EntryPoint\",\"urlTemplate\":\"https:\\\/\\\/v2aconsulting.com\\\/es\\\/?s={search_term_string}\"},\"query-input\":{\"@type\":\"PropertyValueSpecification\",\"valueRequired\":true,\"valueName\":\"search_term_string\"}}],\"inLanguage\":\"es\"},{\"@type\":\"Organization\",\"@id\":\"https:\\\/\\\/v2aconsulting.com\\\/es\\\/#organization\",\"name\":\"V2A\",\"url\":\"https:\\\/\\\/v2aconsulting.com\\\/es\\\/\",\"logo\":{\"@type\":\"ImageObject\",\"inLanguage\":\"es\",\"@id\":\"https:\\\/\\\/v2aconsulting.com\\\/es\\\/#\\\/schema\\\/logo\\\/image\\\/\",\"url\":\"https:\\\/\\\/v2aconsulting.com\\\/wp-content\\\/uploads\\\/2024\\\/07\\\/v2a-logo-1.svg\",\"contentUrl\":\"https:\\\/\\\/v2aconsulting.com\\\/wp-content\\\/uploads\\\/2024\\\/07\\\/v2a-logo-1.svg\",\"caption\":\"V2A\"},\"image\":{\"@id\":\"https:\\\/\\\/v2aconsulting.com\\\/es\\\/#\\\/schema\\\/logo\\\/image\\\/\"}}]}<\/script>\n<!-- \/ Yoast SEO Premium plugin. -->","yoast_head_json":{"title":"Transformaci\u00f3n Digital e IA - V2A","robots":{"index":"index","follow":"follow","max-snippet":"max-snippet:-1","max-image-preview":"max-image-preview:large","max-video-preview":"max-video-preview:-1"},"canonical":"https:\/\/v2aconsulting.com\/es\/servicios\/transformacion-digital-e-ia\/","og_locale":"es_ES","og_type":"article","og_title":"Transformaci\u00f3n Digital e IA","og_description":"[vc_section full_width=\"stretch_row\" el_class=\"title-hero\" css=\".vc_custom_1720711099290{background-image: url(https:\/\/v2aconsulting.com\/wp-content\/uploads\/2024\/07\/slider-bg-1.jpg?id=77) !important;background-position: center !important;background-repeat: no-repeat !important;background-size: cover !important;}\"][vc_row full_width=\"stretch_row\"][vc_column][vc_column_text css=\"\" el_class=\"heading-with-line-1 white\"] Transformaci\u00f3n Digital e IA [&hellip;]","og_url":"https:\/\/v2aconsulting.com\/es\/servicios\/transformacion-digital-e-ia\/","og_site_name":"V2A","article_modified_time":"2026-04-30T11:19:50+00:00","og_image":[{"width":2000,"height":835,"url":"https:\/\/v2aconsulting.com\/wp-content\/uploads\/2025\/02\/V2A-Opengraph.jpg","type":"image\/jpeg"}],"twitter_card":"summary_large_image","twitter_misc":{"Tiempo de lectura":"4 minutos"},"schema":{"@context":"https:\/\/schema.org","@graph":[{"@type":"WebPage","@id":"https:\/\/v2aconsulting.com\/es\/servicios\/transformacion-digital-e-ia\/","url":"https:\/\/v2aconsulting.com\/es\/servicios\/transformacion-digital-e-ia\/","name":"Transformaci\u00f3n Digital e IA - V2A","isPartOf":{"@id":"https:\/\/v2aconsulting.com\/es\/#website"},"datePublished":"2026-04-30T11:11:52+00:00","dateModified":"2026-04-30T11:19:50+00:00","breadcrumb":{"@id":"https:\/\/v2aconsulting.com\/es\/servicios\/transformacion-digital-e-ia\/#breadcrumb"},"inLanguage":"es","potentialAction":[{"@type":"ReadAction","target":["https:\/\/v2aconsulting.com\/es\/servicios\/transformacion-digital-e-ia\/"]}]},{"@type":"BreadcrumbList","@id":"https:\/\/v2aconsulting.com\/es\/servicios\/transformacion-digital-e-ia\/#breadcrumb","itemListElement":[{"@type":"ListItem","position":1,"name":"Home","item":"https:\/\/v2aconsulting.com\/es\/"},{"@type":"ListItem","position":2,"name":"Servicios","item":"https:\/\/v2aconsulting.com\/es\/services\/"},{"@type":"ListItem","position":3,"name":"Transformaci\u00f3n Digital e IA"}]},{"@type":"WebSite","@id":"https:\/\/v2aconsulting.com\/es\/#website","url":"https:\/\/v2aconsulting.com\/es\/","name":"V2A","description":"","publisher":{"@id":"https:\/\/v2aconsulting.com\/es\/#organization"},"potentialAction":[{"@type":"SearchAction","target":{"@type":"EntryPoint","urlTemplate":"https:\/\/v2aconsulting.com\/es\/?s={search_term_string}"},"query-input":{"@type":"PropertyValueSpecification","valueRequired":true,"valueName":"search_term_string"}}],"inLanguage":"es"},{"@type":"Organization","@id":"https:\/\/v2aconsulting.com\/es\/#organization","name":"V2A","url":"https:\/\/v2aconsulting.com\/es\/","logo":{"@type":"ImageObject","inLanguage":"es","@id":"https:\/\/v2aconsulting.com\/es\/#\/schema\/logo\/image\/","url":"https:\/\/v2aconsulting.com\/wp-content\/uploads\/2024\/07\/v2a-logo-1.svg","contentUrl":"https:\/\/v2aconsulting.com\/wp-content\/uploads\/2024\/07\/v2a-logo-1.svg","caption":"V2A"},"image":{"@id":"https:\/\/v2aconsulting.com\/es\/#\/schema\/logo\/image\/"}}]}},"_links":{"self":[{"href":"https:\/\/v2aconsulting.com\/es\/wp-json\/wp\/v2\/pages\/5516","targetHints":{"allow":["GET"]}}],"collection":[{"href":"https:\/\/v2aconsulting.com\/es\/wp-json\/wp\/v2\/pages"}],"about":[{"href":"https:\/\/v2aconsulting.com\/es\/wp-json\/wp\/v2\/types\/page"}],"author":[{"embeddable":true,"href":"https:\/\/v2aconsulting.com\/es\/wp-json\/wp\/v2\/users\/5"}],"replies":[{"embeddable":true,"href":"https:\/\/v2aconsulting.com\/es\/wp-json\/wp\/v2\/comments?post=5516"}],"version-history":[{"count":0,"href":"https:\/\/v2aconsulting.com\/es\/wp-json\/wp\/v2\/pages\/5516\/revisions"}],"up":[{"embeddable":true,"href":"https:\/\/v2aconsulting.com\/es\/wp-json\/wp\/v2\/pages\/4068"}],"wp:attachment":[{"href":"https:\/\/v2aconsulting.com\/es\/wp-json\/wp\/v2\/media?parent=5516"}],"curies":[{"name":"wp","href":"https:\/\/api.w.org\/{rel}","templated":true}]}}