{"id":4075,"date":"2024-09-04T11:08:28","date_gmt":"2024-09-04T15:08:28","guid":{"rendered":"https:\/\/v2aconsulting.com\/servicios\/organizational-change-management\/"},"modified":"2024-09-05T10:32:11","modified_gmt":"2024-09-05T14:32:11","slug":"gestion-de-cambio-organizacional","status":"publish","type":"page","link":"https:\/\/v2aconsulting.com\/es\/servicios\/gestion-de-cambio-organizacional\/","title":{"rendered":"Gesti\u00f3n de cambio organizacional"},"content":{"rendered":"<div class=\"wpb-content-wrapper\"><p>[vc_section full_width=\"stretch_row\" el_class=\"title-hero\" css=\".vc_custom_1720711099290{background-image: url(https:\/\/v2aconsulting.com\/wp-content\/uploads\/2024\/07\/slider-bg-1.jpg?id=77) !important;background-position: center !important;background-repeat: no-repeat !important;background-size: cover !important;}\"][vc_row full_width=\"stretch_row\"][vc_column][vc_column_text css=\"\" el_class=\"heading-with-line-1 white\"]<\/p>\n<h2>Gesti\u00f3n de cambio organizacional<\/h2>\n<p>[\/vc_column_text][\/vc_column][\/vc_row][\/vc_section][vc_section full_width=\"stretch_row\"][vc_row full_width=\"stretch_row\"][vc_column][vc_column_text css=\"\" el_class=\"celeste max-width-1050\"]<\/p>\n<h5>Guiamos a su organizaci\u00f3n a trav\u00e9s de transformaciones exitosas utilizando nuestro marco de gesti\u00f3n de cambios.<\/h5>\n<p>[\/vc_column_text][vc_column_text css=\"\"]Facilitamos la adopci\u00f3n de nuevas estrategias y tecnolog\u00edas, asegurando una transici\u00f3n fluida y minimizando la resistencia al cambio para que su organizaci\u00f3n pueda adaptarse r\u00e1pidamente y seguir siendo competitiva. La gesti\u00f3n proactiva del cambio conduce a mayores tasas de \u00e9xito de los proyectos, una menor resistencia de los empleados, una mayor motivaci\u00f3n y productividad, menores costos y una implementaci\u00f3n m\u00e1s r\u00e1pida. V2A aporta una gran experiencia en cambio efectivo, comunicaci\u00f3n y gesti\u00f3n de partes interesadas. Fomentamos la colaboraci\u00f3n para garantizar la alineaci\u00f3n con una visi\u00f3n compartida de cambio y asegurar un fuerte compromiso de todos los involucrados. V2A puede evaluar la preparaci\u00f3n de su organizaci\u00f3n para el cambio, guiarlo a trav\u00e9s del plan de acci\u00f3n de gesti\u00f3n del cambio y monitorear el proceso de adopci\u00f3n para garantizar el \u00e9xito.[\/vc_column_text][\/vc_column][\/vc_row][\/vc_section][vc_section full_width=\"stretch_row\" disable_element=\"yes\" css=\".vc_custom_1725462497152{background-color: #f4f4f4 !important;}\" el_class=\"img-border-radius-1\"][vc_row full_width=\"stretch_row\"][vc_column][vc_column_text css=\"\" el_class=\"section-heading centered\"]<\/p>\n<h4 style=\"text-align: center;\">Areas of Expertise<\/h4>\n<p>[\/vc_column_text][\/vc_column][\/vc_row][vc_row gap=\"35\" content_placement=\"middle\" el_class=\"invert-mobile\"][vc_column width=\"1\/2\"][vc_column_text css=\"\" el_class=\"heading-with-line-1\"]<\/p>\n<h4>Program Definition\/Portfolio Management<\/h4>\n<p>At V2A Consulting, we work closely with clients to assess their current project portfolio, identify gaps or inefficiencies, and recommend a balanced mix of initiatives that maximize value, mitigate risks, and align with the organization\u2019s strategic objectives and business goals. By establishing clear criteria for project selection, resource allocation, and performance monitoring, we help organizations enhance decision-making, improve operational efficiency, and achieve sustainable growth.[\/vc_column_text][\/vc_column][vc_column width=\"1\/2\"][vc_single_image image=\"576\" img_size=\"full\" alignment=\"center\" css=\"\"][\/vc_column][\/vc_row][vc_row gap=\"35\" content_placement=\"middle\"][vc_column width=\"1\/2\"][vc_single_image image=\"632\" img_size=\"full\" alignment=\"center\" css=\"\"][\/vc_column][vc_column width=\"1\/2\"][vc_column_text css=\"\" el_class=\"heading-with-line-1\"]<\/p>\n<h4>PMO Setup<\/h4>\n<p>A well-managed Project Management Office (PMO) is key to ensure PM processes, governance, resource planning, budgeting, forecasting and visibility are in place for a successful project delivery. We help organizations design and setup their PMO structures or enhance existing ones to meet the needs of evolving challenges and services. Not only do we design the optimal organization and processes, but we provide the right dashboards and tools to provide visibility of Strategic Portfolios and tracking of Key Performance Indicators (KPIs).[\/vc_column_text][\/vc_column][\/vc_row][vc_row gap=\"35\" content_placement=\"middle\" el_class=\"invert-mobile\"][vc_column width=\"1\/2\"][vc_column_text css=\"\" el_class=\"heading-with-line-1\"]<\/p>\n<h4>Implementation Support<\/h4>\n<p>More than just defining strategic visions and plans, we emphasize the development of specific, high-impact actions and help our clients along every step of the way in achieving results. This is the essence of our philosophy, guiding our clients from Vision to Action. We can manage large scale operational changes with our tools and framework for an organized and thorough project management approach. For many years, V2A has been guiding client teams through the project management process of planning, organizing and managing tasks and resources to accomplish a defined goal. We provide the framework and tools to ensure high performance teams and end goal focus within the specified scope, budget and time constraints.[\/vc_column_text][\/vc_column][vc_column width=\"1\/2\"][vc_single_image image=\"634\" img_size=\"full\" alignment=\"center\" css=\"\"][\/vc_column][\/vc_row][\/vc_section][vc_section full_width=\"stretch_row\" disable_element=\"yes\" el_class=\"related-insights-section\"][vc_row full_width=\"stretch_row\"][vc_column][vc_column_text css=\"\" el_class=\"heading-with-line-1\"]<\/p>\n<h2>Related Insights<\/h2>\n<p>[\/vc_column_text][vc_basic_grid post_type=\"insights\" max_items=\"3\" gap=\"35\" item=\"51\" css=\"\" grid_id=\"vc_gid:1725546652109-2e3c8af8-c005-5\" taxonomies=\"28\"][vc_column_text css=\"\" el_class=\"button-01\"]<\/p>\n<p style=\"text-align: center;\"><a href=\"https:\/\/v2aconsulting.com\/es\/insights\/\">More insights<\/a><\/p>\n<p>[\/vc_column_text][\/vc_column][\/vc_row][\/vc_section]<\/p>\n<\/div>","protected":false},"excerpt":{"rendered":"<p>[vc_section full_width=\"stretch_row\" el_class=\"title-hero\" css=\".vc_custom_1720711099290{background-image: url(https:\/\/v2aconsulting.com\/wp-content\/uploads\/2024\/07\/slider-bg-1.jpg?id=77) !important;background-position: center !important;background-repeat: no-repeat !important;background-size: cover !important;}\"][vc_row full_width=\"stretch_row\"][vc_column][vc_column_text css=\"\" el_class=\"heading-with-line-1 white\"] Gesti\u00f3n de cambio organizacional [&hellip;]<\/p>\n","protected":false},"author":1,"featured_media":0,"parent":4068,"menu_order":0,"comment_status":"closed","ping_status":"closed","template":"","meta":{"_acf_changed":false,"inline_featured_image":false,"site-sidebar-layout":"no-sidebar","site-content-layout":"plain-container","ast-site-content-layout":"default","site-content-style":"default","site-sidebar-style":"default","ast-global-header-display":"","ast-banner-title-visibility":"","ast-main-header-display":"","ast-hfb-above-header-display":"","ast-hfb-below-header-display":"","ast-hfb-mobile-header-display":"","site-post-title":"disabled","ast-breadcrumbs-content":"","ast-featured-img":"disabled","footer-sml-layout":"","theme-transparent-header-meta":"default","adv-header-id-meta":"","stick-header-meta":"default","header-above-stick-meta":"","header-main-stick-meta":"","header-below-stick-meta":"","astra-migrate-meta-layouts":"set","ast-page-background-enabled":"default","ast-page-background-meta":{"desktop":{"background-color":"var(--ast-global-color-4)","background-image":"","background-repeat":"repeat","background-position":"center center","background-size":"auto","background-attachment":"scroll","background-type":"","background-media":"","overlay-type":"","overlay-color":"","overlay-opacity":"","overlay-gradient":""},"tablet":{"background-color":"","background-image":"","background-repeat":"repeat","background-position":"center center","background-size":"auto","background-attachment":"scroll","background-type":"","background-media":"","overlay-type":"","overlay-color":"","overlay-opacity":"","overlay-gradient":""},"mobile":{"background-color":"","background-image":"","background-repeat":"repeat","background-position":"center center","background-size":"auto","background-attachment":"scroll","background-type":"","background-media":"","overlay-type":"","overlay-color":"","overlay-opacity":"","overlay-gradient":""}},"ast-content-background-meta":{"desktop":{"background-color":"var(--ast-global-color-5)","background-image":"","background-repeat":"repeat","background-position":"center center","background-size":"auto","background-attachment":"scroll","background-type":"","background-media":"","overlay-type":"","overlay-color":"","overlay-opacity":"","overlay-gradient":""},"tablet":{"background-color":"var(--ast-global-color-5)","background-image":"","background-repeat":"repeat","background-position":"center center","background-size":"auto","background-attachment":"scroll","background-type":"","background-media":"","overlay-type":"","overlay-color":"","overlay-opacity":"","overlay-gradient":""},"mobile":{"background-color":"var(--ast-global-color-5)","background-image":"","background-repeat":"repeat","background-position":"center center","background-size":"auto","background-attachment":"scroll","background-type":"","background-media":"","overlay-type":"","overlay-color":"","overlay-opacity":"","overlay-gradient":""}},"footnotes":""},"class_list":["post-4075","page","type-page","status-publish","hentry"],"acf":[],"yoast_head":"<!-- This site is optimized with the Yoast SEO Premium plugin v24.4 (Yoast SEO v27.5) - https:\/\/yoast.com\/product\/yoast-seo-premium-wordpress\/ -->\n<title>Gesti\u00f3n de cambio organizacional - V2A<\/title>\n<meta name=\"robots\" content=\"index, follow, max-snippet:-1, max-image-preview:large, max-video-preview:-1\" \/>\n<link rel=\"canonical\" href=\"https:\/\/v2aconsulting.com\/es\/servicios\/gestion-de-cambio-organizacional\/\" \/>\n<meta property=\"og:locale\" content=\"es_ES\" \/>\n<meta property=\"og:type\" content=\"article\" \/>\n<meta property=\"og:title\" content=\"Gesti\u00f3n de cambio organizacional\" \/>\n<meta property=\"og:description\" content=\"[vc_section full_width=&quot;stretch_row&quot; el_class=&quot;title-hero&quot; css=&quot;.vc_custom_1720711099290{background-image: url(https:\/\/v2aconsulting.com\/wp-content\/uploads\/2024\/07\/slider-bg-1.jpg?id=77) !important;background-position: center !important;background-repeat: no-repeat !important;background-size: cover !important;}&quot;][vc_row full_width=&quot;stretch_row&quot;][vc_column][vc_column_text css=&quot;&quot; el_class=&quot;heading-with-line-1 white&quot;] Gesti\u00f3n de cambio organizacional [&hellip;]\" \/>\n<meta property=\"og:url\" content=\"https:\/\/v2aconsulting.com\/es\/servicios\/gestion-de-cambio-organizacional\/\" \/>\n<meta property=\"og:site_name\" content=\"V2A\" \/>\n<meta property=\"article:modified_time\" content=\"2024-09-05T14:32:11+00:00\" \/>\n<meta property=\"og:image\" content=\"https:\/\/v2aconsulting.com\/wp-content\/uploads\/2025\/02\/V2A-Opengraph.jpg\" \/>\n\t<meta property=\"og:image:width\" content=\"2000\" \/>\n\t<meta property=\"og:image:height\" content=\"835\" \/>\n\t<meta property=\"og:image:type\" content=\"image\/jpeg\" \/>\n<meta name=\"twitter:card\" content=\"summary_large_image\" \/>\n<meta name=\"twitter:label1\" content=\"Tiempo de lectura\" \/>\n\t<meta name=\"twitter:data1\" content=\"3 minutos\" \/>\n<script type=\"application\/ld+json\" class=\"yoast-schema-graph\">{\"@context\":\"https:\\\/\\\/schema.org\",\"@graph\":[{\"@type\":\"WebPage\",\"@id\":\"https:\\\/\\\/v2aconsulting.com\\\/es\\\/servicios\\\/gestion-de-cambio-organizacional\\\/\",\"url\":\"https:\\\/\\\/v2aconsulting.com\\\/es\\\/servicios\\\/gestion-de-cambio-organizacional\\\/\",\"name\":\"Gesti\u00f3n de cambio organizacional - V2A\",\"isPartOf\":{\"@id\":\"https:\\\/\\\/v2aconsulting.com\\\/es\\\/#website\"},\"datePublished\":\"2024-09-04T15:08:28+00:00\",\"dateModified\":\"2024-09-05T14:32:11+00:00\",\"breadcrumb\":{\"@id\":\"https:\\\/\\\/v2aconsulting.com\\\/es\\\/servicios\\\/gestion-de-cambio-organizacional\\\/#breadcrumb\"},\"inLanguage\":\"es\",\"potentialAction\":[{\"@type\":\"ReadAction\",\"target\":[\"https:\\\/\\\/v2aconsulting.com\\\/es\\\/servicios\\\/gestion-de-cambio-organizacional\\\/\"]}]},{\"@type\":\"BreadcrumbList\",\"@id\":\"https:\\\/\\\/v2aconsulting.com\\\/es\\\/servicios\\\/gestion-de-cambio-organizacional\\\/#breadcrumb\",\"itemListElement\":[{\"@type\":\"ListItem\",\"position\":1,\"name\":\"Home\",\"item\":\"https:\\\/\\\/v2aconsulting.com\\\/es\\\/\"},{\"@type\":\"ListItem\",\"position\":2,\"name\":\"Servicios\",\"item\":\"https:\\\/\\\/v2aconsulting.com\\\/es\\\/services\\\/\"},{\"@type\":\"ListItem\",\"position\":3,\"name\":\"Gesti\u00f3n de cambio organizacional\"}]},{\"@type\":\"WebSite\",\"@id\":\"https:\\\/\\\/v2aconsulting.com\\\/es\\\/#website\",\"url\":\"https:\\\/\\\/v2aconsulting.com\\\/es\\\/\",\"name\":\"V2A\",\"description\":\"\",\"publisher\":{\"@id\":\"https:\\\/\\\/v2aconsulting.com\\\/es\\\/#organization\"},\"potentialAction\":[{\"@type\":\"SearchAction\",\"target\":{\"@type\":\"EntryPoint\",\"urlTemplate\":\"https:\\\/\\\/v2aconsulting.com\\\/es\\\/?s={search_term_string}\"},\"query-input\":{\"@type\":\"PropertyValueSpecification\",\"valueRequired\":true,\"valueName\":\"search_term_string\"}}],\"inLanguage\":\"es\"},{\"@type\":\"Organization\",\"@id\":\"https:\\\/\\\/v2aconsulting.com\\\/es\\\/#organization\",\"name\":\"V2A\",\"url\":\"https:\\\/\\\/v2aconsulting.com\\\/es\\\/\",\"logo\":{\"@type\":\"ImageObject\",\"inLanguage\":\"es\",\"@id\":\"https:\\\/\\\/v2aconsulting.com\\\/es\\\/#\\\/schema\\\/logo\\\/image\\\/\",\"url\":\"https:\\\/\\\/v2aconsulting.com\\\/wp-content\\\/uploads\\\/2024\\\/07\\\/v2a-logo-1.svg\",\"contentUrl\":\"https:\\\/\\\/v2aconsulting.com\\\/wp-content\\\/uploads\\\/2024\\\/07\\\/v2a-logo-1.svg\",\"caption\":\"V2A\"},\"image\":{\"@id\":\"https:\\\/\\\/v2aconsulting.com\\\/es\\\/#\\\/schema\\\/logo\\\/image\\\/\"}}]}<\/script>\n<!-- \/ Yoast SEO Premium plugin. -->","yoast_head_json":{"title":"Gesti\u00f3n de cambio organizacional - V2A","robots":{"index":"index","follow":"follow","max-snippet":"max-snippet:-1","max-image-preview":"max-image-preview:large","max-video-preview":"max-video-preview:-1"},"canonical":"https:\/\/v2aconsulting.com\/es\/servicios\/gestion-de-cambio-organizacional\/","og_locale":"es_ES","og_type":"article","og_title":"Gesti\u00f3n de cambio organizacional","og_description":"[vc_section full_width=\"stretch_row\" el_class=\"title-hero\" css=\".vc_custom_1720711099290{background-image: url(https:\/\/v2aconsulting.com\/wp-content\/uploads\/2024\/07\/slider-bg-1.jpg?id=77) !important;background-position: center !important;background-repeat: no-repeat !important;background-size: cover !important;}\"][vc_row full_width=\"stretch_row\"][vc_column][vc_column_text css=\"\" el_class=\"heading-with-line-1 white\"] Gesti\u00f3n de cambio organizacional [&hellip;]","og_url":"https:\/\/v2aconsulting.com\/es\/servicios\/gestion-de-cambio-organizacional\/","og_site_name":"V2A","article_modified_time":"2024-09-05T14:32:11+00:00","og_image":[{"width":2000,"height":835,"url":"https:\/\/v2aconsulting.com\/wp-content\/uploads\/2025\/02\/V2A-Opengraph.jpg","type":"image\/jpeg"}],"twitter_card":"summary_large_image","twitter_misc":{"Tiempo de lectura":"3 minutos"},"schema":{"@context":"https:\/\/schema.org","@graph":[{"@type":"WebPage","@id":"https:\/\/v2aconsulting.com\/es\/servicios\/gestion-de-cambio-organizacional\/","url":"https:\/\/v2aconsulting.com\/es\/servicios\/gestion-de-cambio-organizacional\/","name":"Gesti\u00f3n de cambio organizacional - V2A","isPartOf":{"@id":"https:\/\/v2aconsulting.com\/es\/#website"},"datePublished":"2024-09-04T15:08:28+00:00","dateModified":"2024-09-05T14:32:11+00:00","breadcrumb":{"@id":"https:\/\/v2aconsulting.com\/es\/servicios\/gestion-de-cambio-organizacional\/#breadcrumb"},"inLanguage":"es","potentialAction":[{"@type":"ReadAction","target":["https:\/\/v2aconsulting.com\/es\/servicios\/gestion-de-cambio-organizacional\/"]}]},{"@type":"BreadcrumbList","@id":"https:\/\/v2aconsulting.com\/es\/servicios\/gestion-de-cambio-organizacional\/#breadcrumb","itemListElement":[{"@type":"ListItem","position":1,"name":"Home","item":"https:\/\/v2aconsulting.com\/es\/"},{"@type":"ListItem","position":2,"name":"Servicios","item":"https:\/\/v2aconsulting.com\/es\/services\/"},{"@type":"ListItem","position":3,"name":"Gesti\u00f3n de cambio organizacional"}]},{"@type":"WebSite","@id":"https:\/\/v2aconsulting.com\/es\/#website","url":"https:\/\/v2aconsulting.com\/es\/","name":"V2A","description":"","publisher":{"@id":"https:\/\/v2aconsulting.com\/es\/#organization"},"potentialAction":[{"@type":"SearchAction","target":{"@type":"EntryPoint","urlTemplate":"https:\/\/v2aconsulting.com\/es\/?s={search_term_string}"},"query-input":{"@type":"PropertyValueSpecification","valueRequired":true,"valueName":"search_term_string"}}],"inLanguage":"es"},{"@type":"Organization","@id":"https:\/\/v2aconsulting.com\/es\/#organization","name":"V2A","url":"https:\/\/v2aconsulting.com\/es\/","logo":{"@type":"ImageObject","inLanguage":"es","@id":"https:\/\/v2aconsulting.com\/es\/#\/schema\/logo\/image\/","url":"https:\/\/v2aconsulting.com\/wp-content\/uploads\/2024\/07\/v2a-logo-1.svg","contentUrl":"https:\/\/v2aconsulting.com\/wp-content\/uploads\/2024\/07\/v2a-logo-1.svg","caption":"V2A"},"image":{"@id":"https:\/\/v2aconsulting.com\/es\/#\/schema\/logo\/image\/"}}]}},"_links":{"self":[{"href":"https:\/\/v2aconsulting.com\/es\/wp-json\/wp\/v2\/pages\/4075","targetHints":{"allow":["GET"]}}],"collection":[{"href":"https:\/\/v2aconsulting.com\/es\/wp-json\/wp\/v2\/pages"}],"about":[{"href":"https:\/\/v2aconsulting.com\/es\/wp-json\/wp\/v2\/types\/page"}],"author":[{"embeddable":true,"href":"https:\/\/v2aconsulting.com\/es\/wp-json\/wp\/v2\/users\/1"}],"replies":[{"embeddable":true,"href":"https:\/\/v2aconsulting.com\/es\/wp-json\/wp\/v2\/comments?post=4075"}],"version-history":[{"count":0,"href":"https:\/\/v2aconsulting.com\/es\/wp-json\/wp\/v2\/pages\/4075\/revisions"}],"up":[{"embeddable":true,"href":"https:\/\/v2aconsulting.com\/es\/wp-json\/wp\/v2\/pages\/4068"}],"wp:attachment":[{"href":"https:\/\/v2aconsulting.com\/es\/wp-json\/wp\/v2\/media?parent=4075"}],"curies":[{"name":"wp","href":"https:\/\/api.w.org\/{rel}","templated":true}]}}