{"id":1875,"date":"2024-07-12T11:08:22","date_gmt":"2024-07-12T15:08:22","guid":{"rendered":"https:\/\/v2aconsulting.com\/public-sector\/"},"modified":"2025-01-29T15:56:40","modified_gmt":"2025-01-29T19:56:40","slug":"sector-publico","status":"publish","type":"page","link":"https:\/\/v2aconsulting.com\/es\/industrias\/sector-publico\/","title":{"rendered":"Sector P\u00fablico"},"content":{"rendered":"<div class=\"wpb-content-wrapper\"><p>[vc_section full_width=\"stretch_row\" el_class=\"title-hero\" css=\".vc_custom_1721247601261{background-image: url(https:\/\/v2aconsulting.com\/wp-content\/uploads\/2024\/07\/public-sector-hero.jpg?id=569) !important;background-position: center !important;background-repeat: no-repeat !important;background-size: cover !important;}\"][vc_row full_width=\"stretch_row\"][vc_column][vc_column_text css=\"\" el_class=\"heading-with-line-1 white\"]<\/p>\n<h2>Sector P\u00fablico<\/h2>\n<p>[\/vc_column_text][\/vc_column][\/vc_row][vc_row disable_element=\"yes\"][vc_column][vc_column_text css=\"\" el_class=\"heading-with-line-1 white\"]<\/p>\n<h2>Nuestras Industrias<\/h2>\n<p>[\/vc_column_text][\/vc_column][\/vc_row][\/vc_section][vc_section full_width=\"stretch_row\"][vc_row full_width=\"stretch_row\"][vc_column][vc_column_text css=\"\" el_class=\"max-width-1050\"]Trabajamos para mejorar la eficacia y eficiencia de las agencias gubernamentales, permiti\u00e9ndoles cumplir mejor su misi\u00f3n para con el p\u00fablico. Tambi\u00e9n trabajamos con funcionarios gubernamentales para navegar por panoramas complejos de partes interesadas para desarrollar estrategias y capacidades necesarias para abordar los desaf\u00edos de liderazgo que m\u00e1s importan. El gobierno es uno de los sectores m\u00e1s complejos y desafiantes para trabajar. Tambi\u00e9n puede ser uno de los m\u00e1s gratificantes.<br \/>\n[\/vc_column_text][\/vc_column][\/vc_row][vc_row full_width=\"stretch_row\" disable_element=\"yes\"][vc_column][vc_column_text css=\"\" el_class=\"heading-with-line-1\"]<\/p>\n<h2>Sector P\u00fablico<\/h2>\n<p>[\/vc_column_text][vc_column_text css=\"\" el_class=\"max-width-1050\"]Trabajamos para mejorar la efectividad y eficiencia de organizaciones sin fines de lucro, gubernamentales y de educaci\u00f3n superior, permiti\u00e9ndoles as\u00ed cumplir su misi\u00f3n hacia el pueblo. Tambi\u00e9n asistimos a funcionarios gubernamentales en la navegaci\u00f3n de panoramas complejos para desarrollar las estrategias y capacidades necesarias para enfrentar los retos de liderazgo m\u00e1s significativos. El sector p\u00fablico es uno de los m\u00e1s complejos y desafiantes en los que trabajar, pero tambi\u00e9n puede ser uno de los m\u00e1s gratificantes.[\/vc_column_text][\/vc_column][\/vc_row][\/vc_section][vc_section full_width=\"stretch_row\" el_class=\"related-insights-section\"][vc_row full_width=\"stretch_row\"][vc_column][vc_column_text css=\"\" el_class=\"heading-with-line-1\"]<\/p>\n<h2>Insights relacionados<\/h2>\n<p>[\/vc_column_text][vc_basic_grid post_type=\"insights\" max_items=\"3\" gap=\"35\" item=\"51\" css=\"\" grid_id=\"vc_gid:1738180578272-9299e811-64ae-9\" taxonomies=\"46\" el_class=\"grid-related-insights\"][vc_column_text css=\"\" el_class=\"button-01\"]<\/p>\n<p style=\"text-align: center;\"><a href=\"https:\/\/v2aconsulting.com\/es\/insights\/\">M\u00e1s insights<\/a><\/p>\n<p>[\/vc_column_text][\/vc_column][\/vc_row][\/vc_section]<\/p>\n<\/div>","protected":false},"excerpt":{"rendered":"<p>[vc_section full_width=\"stretch_row\" el_class=\"title-hero\" css=\".vc_custom_1721247601261{background-image: url(https:\/\/v2aconsulting.com\/wp-content\/uploads\/2024\/07\/public-sector-hero.jpg?id=569) !important;background-position: center !important;background-repeat: no-repeat !important;background-size: cover !important;}\"][vc_row full_width=\"stretch_row\"][vc_column][vc_column_text css=\"\" el_class=\"heading-with-line-1 white\"] Sector P\u00fablico [\/vc_column_text][\/vc_column][\/vc_row][vc_row disable_element=\"yes\"][vc_column][vc_column_text [&hellip;]<\/p>\n","protected":false},"author":3,"featured_media":0,"parent":3960,"menu_order":0,"comment_status":"closed","ping_status":"closed","template":"","meta":{"_acf_changed":false,"inline_featured_image":false,"site-sidebar-layout":"no-sidebar","site-content-layout":"plain-container","ast-site-content-layout":"default","site-content-style":"default","site-sidebar-style":"default","ast-global-header-display":"","ast-banner-title-visibility":"","ast-main-header-display":"","ast-hfb-above-header-display":"","ast-hfb-below-header-display":"","ast-hfb-mobile-header-display":"","site-post-title":"disabled","ast-breadcrumbs-content":"","ast-featured-img":"disabled","footer-sml-layout":"","theme-transparent-header-meta":"default","adv-header-id-meta":"","stick-header-meta":"default","header-above-stick-meta":"","header-main-stick-meta":"","header-below-stick-meta":"","astra-migrate-meta-layouts":"set","ast-page-background-enabled":"default","ast-page-background-meta":{"desktop":{"background-color":"var(--ast-global-color-4)","background-image":"","background-repeat":"repeat","background-position":"center center","background-size":"auto","background-attachment":"scroll","background-type":"","background-media":"","overlay-type":"","overlay-color":"","overlay-opacity":"","overlay-gradient":""},"tablet":{"background-color":"","background-image":"","background-repeat":"repeat","background-position":"center center","background-size":"auto","background-attachment":"scroll","background-type":"","background-media":"","overlay-type":"","overlay-color":"","overlay-opacity":"","overlay-gradient":""},"mobile":{"background-color":"","background-image":"","background-repeat":"repeat","background-position":"center center","background-size":"auto","background-attachment":"scroll","background-type":"","background-media":"","overlay-type":"","overlay-color":"","overlay-opacity":"","overlay-gradient":""}},"ast-content-background-meta":{"desktop":{"background-color":"var(--ast-global-color-5)","background-image":"","background-repeat":"repeat","background-position":"center center","background-size":"auto","background-attachment":"scroll","background-type":"","background-media":"","overlay-type":"","overlay-color":"","overlay-opacity":"","overlay-gradient":""},"tablet":{"background-color":"var(--ast-global-color-5)","background-image":"","background-repeat":"repeat","background-position":"center center","background-size":"auto","background-attachment":"scroll","background-type":"","background-media":"","overlay-type":"","overlay-color":"","overlay-opacity":"","overlay-gradient":""},"mobile":{"background-color":"var(--ast-global-color-5)","background-image":"","background-repeat":"repeat","background-position":"center center","background-size":"auto","background-attachment":"scroll","background-type":"","background-media":"","overlay-type":"","overlay-color":"","overlay-opacity":"","overlay-gradient":""}},"footnotes":""},"class_list":["post-1875","page","type-page","status-publish","hentry"],"acf":[],"yoast_head":"<!-- This site is optimized with the Yoast SEO Premium plugin v24.4 (Yoast SEO v27.5) - https:\/\/yoast.com\/product\/yoast-seo-premium-wordpress\/ -->\n<title>Sector P\u00fablico - V2A<\/title>\n<meta name=\"robots\" content=\"index, follow, max-snippet:-1, max-image-preview:large, max-video-preview:-1\" \/>\n<link rel=\"canonical\" href=\"https:\/\/v2aconsulting.com\/es\/industrias\/sector-publico\/\" \/>\n<meta property=\"og:locale\" content=\"es_ES\" \/>\n<meta property=\"og:type\" content=\"article\" \/>\n<meta property=\"og:title\" content=\"Sector P\u00fablico\" \/>\n<meta property=\"og:description\" content=\"[vc_section full_width=&quot;stretch_row&quot; el_class=&quot;title-hero&quot; css=&quot;.vc_custom_1721247601261{background-image: url(https:\/\/v2aconsulting.com\/wp-content\/uploads\/2024\/07\/public-sector-hero.jpg?id=569) !important;background-position: center !important;background-repeat: no-repeat !important;background-size: cover !important;}&quot;][vc_row full_width=&quot;stretch_row&quot;][vc_column][vc_column_text css=&quot;&quot; el_class=&quot;heading-with-line-1 white&quot;] Sector P\u00fablico [\/vc_column_text][\/vc_column][\/vc_row][vc_row disable_element=&quot;yes&quot;][vc_column][vc_column_text [&hellip;]\" \/>\n<meta property=\"og:url\" content=\"https:\/\/v2aconsulting.com\/es\/industrias\/sector-publico\/\" \/>\n<meta property=\"og:site_name\" content=\"V2A\" \/>\n<meta property=\"article:modified_time\" content=\"2025-01-29T19:56:40+00:00\" \/>\n<meta property=\"og:image\" content=\"https:\/\/v2aconsulting.com\/wp-content\/uploads\/2025\/02\/V2A-Opengraph.jpg\" \/>\n\t<meta property=\"og:image:width\" content=\"2000\" \/>\n\t<meta property=\"og:image:height\" content=\"835\" \/>\n\t<meta property=\"og:image:type\" content=\"image\/jpeg\" \/>\n<meta name=\"twitter:card\" content=\"summary_large_image\" \/>\n<meta name=\"twitter:label1\" content=\"Tiempo de lectura\" \/>\n\t<meta name=\"twitter:data1\" content=\"1 minuto\" \/>\n<script type=\"application\/ld+json\" class=\"yoast-schema-graph\">{\"@context\":\"https:\\\/\\\/schema.org\",\"@graph\":[{\"@type\":\"WebPage\",\"@id\":\"https:\\\/\\\/v2aconsulting.com\\\/es\\\/industrias\\\/sector-publico\\\/\",\"url\":\"https:\\\/\\\/v2aconsulting.com\\\/es\\\/industrias\\\/sector-publico\\\/\",\"name\":\"Sector P\u00fablico - V2A\",\"isPartOf\":{\"@id\":\"https:\\\/\\\/v2aconsulting.com\\\/es\\\/#website\"},\"datePublished\":\"2024-07-12T15:08:22+00:00\",\"dateModified\":\"2025-01-29T19:56:40+00:00\",\"breadcrumb\":{\"@id\":\"https:\\\/\\\/v2aconsulting.com\\\/es\\\/industrias\\\/sector-publico\\\/#breadcrumb\"},\"inLanguage\":\"es\",\"potentialAction\":[{\"@type\":\"ReadAction\",\"target\":[\"https:\\\/\\\/v2aconsulting.com\\\/es\\\/industrias\\\/sector-publico\\\/\"]}]},{\"@type\":\"BreadcrumbList\",\"@id\":\"https:\\\/\\\/v2aconsulting.com\\\/es\\\/industrias\\\/sector-publico\\\/#breadcrumb\",\"itemListElement\":[{\"@type\":\"ListItem\",\"position\":1,\"name\":\"Home\",\"item\":\"https:\\\/\\\/v2aconsulting.com\\\/es\\\/\"},{\"@type\":\"ListItem\",\"position\":2,\"name\":\"Industrias\",\"item\":\"https:\\\/\\\/v2aconsulting.com\\\/es\\\/industries\\\/\"},{\"@type\":\"ListItem\",\"position\":3,\"name\":\"Sector P\u00fablico\"}]},{\"@type\":\"WebSite\",\"@id\":\"https:\\\/\\\/v2aconsulting.com\\\/es\\\/#website\",\"url\":\"https:\\\/\\\/v2aconsulting.com\\\/es\\\/\",\"name\":\"V2A\",\"description\":\"\",\"publisher\":{\"@id\":\"https:\\\/\\\/v2aconsulting.com\\\/es\\\/#organization\"},\"potentialAction\":[{\"@type\":\"SearchAction\",\"target\":{\"@type\":\"EntryPoint\",\"urlTemplate\":\"https:\\\/\\\/v2aconsulting.com\\\/es\\\/?s={search_term_string}\"},\"query-input\":{\"@type\":\"PropertyValueSpecification\",\"valueRequired\":true,\"valueName\":\"search_term_string\"}}],\"inLanguage\":\"es\"},{\"@type\":\"Organization\",\"@id\":\"https:\\\/\\\/v2aconsulting.com\\\/es\\\/#organization\",\"name\":\"V2A\",\"url\":\"https:\\\/\\\/v2aconsulting.com\\\/es\\\/\",\"logo\":{\"@type\":\"ImageObject\",\"inLanguage\":\"es\",\"@id\":\"https:\\\/\\\/v2aconsulting.com\\\/es\\\/#\\\/schema\\\/logo\\\/image\\\/\",\"url\":\"https:\\\/\\\/v2aconsulting.com\\\/wp-content\\\/uploads\\\/2024\\\/07\\\/v2a-logo-1.svg\",\"contentUrl\":\"https:\\\/\\\/v2aconsulting.com\\\/wp-content\\\/uploads\\\/2024\\\/07\\\/v2a-logo-1.svg\",\"caption\":\"V2A\"},\"image\":{\"@id\":\"https:\\\/\\\/v2aconsulting.com\\\/es\\\/#\\\/schema\\\/logo\\\/image\\\/\"}}]}<\/script>\n<!-- \/ Yoast SEO Premium plugin. -->","yoast_head_json":{"title":"Sector P\u00fablico - V2A","robots":{"index":"index","follow":"follow","max-snippet":"max-snippet:-1","max-image-preview":"max-image-preview:large","max-video-preview":"max-video-preview:-1"},"canonical":"https:\/\/v2aconsulting.com\/es\/industrias\/sector-publico\/","og_locale":"es_ES","og_type":"article","og_title":"Sector P\u00fablico","og_description":"[vc_section full_width=\"stretch_row\" el_class=\"title-hero\" css=\".vc_custom_1721247601261{background-image: url(https:\/\/v2aconsulting.com\/wp-content\/uploads\/2024\/07\/public-sector-hero.jpg?id=569) !important;background-position: center !important;background-repeat: no-repeat !important;background-size: cover !important;}\"][vc_row full_width=\"stretch_row\"][vc_column][vc_column_text css=\"\" el_class=\"heading-with-line-1 white\"] Sector P\u00fablico [\/vc_column_text][\/vc_column][\/vc_row][vc_row disable_element=\"yes\"][vc_column][vc_column_text [&hellip;]","og_url":"https:\/\/v2aconsulting.com\/es\/industrias\/sector-publico\/","og_site_name":"V2A","article_modified_time":"2025-01-29T19:56:40+00:00","og_image":[{"width":2000,"height":835,"url":"https:\/\/v2aconsulting.com\/wp-content\/uploads\/2025\/02\/V2A-Opengraph.jpg","type":"image\/jpeg"}],"twitter_card":"summary_large_image","twitter_misc":{"Tiempo de lectura":"1 minuto"},"schema":{"@context":"https:\/\/schema.org","@graph":[{"@type":"WebPage","@id":"https:\/\/v2aconsulting.com\/es\/industrias\/sector-publico\/","url":"https:\/\/v2aconsulting.com\/es\/industrias\/sector-publico\/","name":"Sector P\u00fablico - V2A","isPartOf":{"@id":"https:\/\/v2aconsulting.com\/es\/#website"},"datePublished":"2024-07-12T15:08:22+00:00","dateModified":"2025-01-29T19:56:40+00:00","breadcrumb":{"@id":"https:\/\/v2aconsulting.com\/es\/industrias\/sector-publico\/#breadcrumb"},"inLanguage":"es","potentialAction":[{"@type":"ReadAction","target":["https:\/\/v2aconsulting.com\/es\/industrias\/sector-publico\/"]}]},{"@type":"BreadcrumbList","@id":"https:\/\/v2aconsulting.com\/es\/industrias\/sector-publico\/#breadcrumb","itemListElement":[{"@type":"ListItem","position":1,"name":"Home","item":"https:\/\/v2aconsulting.com\/es\/"},{"@type":"ListItem","position":2,"name":"Industrias","item":"https:\/\/v2aconsulting.com\/es\/industries\/"},{"@type":"ListItem","position":3,"name":"Sector P\u00fablico"}]},{"@type":"WebSite","@id":"https:\/\/v2aconsulting.com\/es\/#website","url":"https:\/\/v2aconsulting.com\/es\/","name":"V2A","description":"","publisher":{"@id":"https:\/\/v2aconsulting.com\/es\/#organization"},"potentialAction":[{"@type":"SearchAction","target":{"@type":"EntryPoint","urlTemplate":"https:\/\/v2aconsulting.com\/es\/?s={search_term_string}"},"query-input":{"@type":"PropertyValueSpecification","valueRequired":true,"valueName":"search_term_string"}}],"inLanguage":"es"},{"@type":"Organization","@id":"https:\/\/v2aconsulting.com\/es\/#organization","name":"V2A","url":"https:\/\/v2aconsulting.com\/es\/","logo":{"@type":"ImageObject","inLanguage":"es","@id":"https:\/\/v2aconsulting.com\/es\/#\/schema\/logo\/image\/","url":"https:\/\/v2aconsulting.com\/wp-content\/uploads\/2024\/07\/v2a-logo-1.svg","contentUrl":"https:\/\/v2aconsulting.com\/wp-content\/uploads\/2024\/07\/v2a-logo-1.svg","caption":"V2A"},"image":{"@id":"https:\/\/v2aconsulting.com\/es\/#\/schema\/logo\/image\/"}}]}},"_links":{"self":[{"href":"https:\/\/v2aconsulting.com\/es\/wp-json\/wp\/v2\/pages\/1875","targetHints":{"allow":["GET"]}}],"collection":[{"href":"https:\/\/v2aconsulting.com\/es\/wp-json\/wp\/v2\/pages"}],"about":[{"href":"https:\/\/v2aconsulting.com\/es\/wp-json\/wp\/v2\/types\/page"}],"author":[{"embeddable":true,"href":"https:\/\/v2aconsulting.com\/es\/wp-json\/wp\/v2\/users\/3"}],"replies":[{"embeddable":true,"href":"https:\/\/v2aconsulting.com\/es\/wp-json\/wp\/v2\/comments?post=1875"}],"version-history":[{"count":0,"href":"https:\/\/v2aconsulting.com\/es\/wp-json\/wp\/v2\/pages\/1875\/revisions"}],"up":[{"embeddable":true,"href":"https:\/\/v2aconsulting.com\/es\/wp-json\/wp\/v2\/pages\/3960"}],"wp:attachment":[{"href":"https:\/\/v2aconsulting.com\/es\/wp-json\/wp\/v2\/media?parent=1875"}],"curies":[{"name":"wp","href":"https:\/\/api.w.org\/{rel}","templated":true}]}}