{"id":1873,"date":"2024-07-12T11:07:08","date_gmt":"2024-07-12T15:07:08","guid":{"rendered":"https:\/\/v2aconsulting.com\/telecommunications\/"},"modified":"2025-01-29T15:09:34","modified_gmt":"2025-01-29T19:09:34","slug":"telecomunicaciones","status":"publish","type":"page","link":"https:\/\/v2aconsulting.com\/es\/industrias\/telecomunicaciones\/","title":{"rendered":"Telecomunicaciones"},"content":{"rendered":"<div class=\"wpb-content-wrapper\"><p>[vc_section full_width=\"stretch_row\" el_class=\"title-hero\" css=\".vc_custom_1721247389668{background-image: url(https:\/\/v2aconsulting.com\/wp-content\/uploads\/2024\/07\/telecommunications-hero.jpg?id=567) !important;background-position: center !important;background-repeat: no-repeat !important;background-size: cover !important;}\"][vc_row full_width=\"stretch_row\"][vc_column][vc_column_text css=\"\" el_class=\"heading-with-line-1 white\"]<\/p>\n<h2>Telecomunicaciones<\/h2>\n<p>[\/vc_column_text][\/vc_column][\/vc_row][vc_row disable_element=\"yes\"][vc_column][vc_column_text css=\"\" el_class=\"heading-with-line-1 white\"]<\/p>\n<h2>Nuestras Industrias<\/h2>\n<p>[\/vc_column_text][\/vc_column][\/vc_row][\/vc_section][vc_section full_width=\"stretch_row\"][vc_row full_width=\"stretch_row\"][vc_column][vc_column_text css=\"\" el_class=\"max-width-1050\"]El sector de las telecomunicaciones se enfrenta a una continua consolidaci\u00f3n del mercado, avances tecnol\u00f3gicos cambiantes y modelos de negocio emergentes. Nuestra amplia experiencia en este sector nos posiciona de manera \u00fanica para ayudar a los clientes a superar estos desaf\u00edos. Ya sea mejorando el servicio al cliente y las operaciones t\u00e9cnicas, controlando costos o creando organizaciones de alto rendimiento, V2A ha permitido a los operadores de telecomunicaciones mejorar el rendimiento y establecer un camino sostenible para el crecimiento.<br \/>\n[\/vc_column_text][\/vc_column][\/vc_row][vc_row full_width=\"stretch_row\" disable_element=\"yes\"][vc_column][vc_column_text css=\"\" el_class=\"heading-with-line-1\"]<\/p>\n<h2>Telecomunicaciones<\/h2>\n<p>[\/vc_column_text][vc_column_text css=\"\" el_class=\"max-width-1050\"]<span style=\"font-weight: 400;\">La consolidaci\u00f3n continua del mercado, los cambios en los avances tecnol\u00f3gicos y los nuevos modelos de negocio son solo algunos de los desaf\u00edos a los que se enfrenta este sector. Nuestra pr\u00e1ctica tiene una extensa experiencia en este \u00e1mbito, lo que nos coloca en una posici\u00f3n \u00fanica para ayudar a nuestros clientes a superar estos retos. Desde mejorar el \u00e1rea de servicio al cliente y las operaciones t\u00e9cnicas hasta controlar los costos y construir una organizaci\u00f3n de alto rendimiento, V2A ha facilitado a los operadores de telecomunicaciones el mejoramiento de su desempe\u00f1o y la construcci\u00f3n de un camino sostenible para su crecimiento.<\/span>[\/vc_column_text][\/vc_column][\/vc_row][\/vc_section][vc_section full_width=\"stretch_row\" el_class=\"related-insights-section\"][vc_row full_width=\"stretch_row\"][vc_column][vc_column_text css=\"\" el_class=\"heading-with-line-1\"]<\/p>\n<h2>Insights relacionados<\/h2>\n<p>[\/vc_column_text][vc_basic_grid post_type=\"insights\" max_items=\"3\" gap=\"35\" item=\"51\" css=\"\" grid_id=\"vc_gid:1738177730124-a8613916-94de-6\" taxonomies=\"43\" el_class=\"grid-related-insights\"][vc_column_text css=\"\" el_class=\"button-01\"]<\/p>\n<p style=\"text-align: center;\"><a href=\"https:\/\/v2aconsulting.com\/es\/insights\/\">M\u00e1s insights<\/a><\/p>\n<p>[\/vc_column_text][\/vc_column][\/vc_row][\/vc_section]<\/p>\n<\/div>","protected":false},"excerpt":{"rendered":"<p>[vc_section full_width=\"stretch_row\" el_class=\"title-hero\" css=\".vc_custom_1721247389668{background-image: url(https:\/\/v2aconsulting.com\/wp-content\/uploads\/2024\/07\/telecommunications-hero.jpg?id=567) !important;background-position: center !important;background-repeat: no-repeat !important;background-size: cover !important;}\"][vc_row full_width=\"stretch_row\"][vc_column][vc_column_text css=\"\" el_class=\"heading-with-line-1 white\"] Telecomunicaciones [\/vc_column_text][\/vc_column][\/vc_row][vc_row disable_element=\"yes\"][vc_column][vc_column_text css=\"\" [&hellip;]<\/p>\n","protected":false},"author":3,"featured_media":0,"parent":3960,"menu_order":0,"comment_status":"closed","ping_status":"closed","template":"","meta":{"_acf_changed":false,"inline_featured_image":false,"site-sidebar-layout":"no-sidebar","site-content-layout":"plain-container","ast-site-content-layout":"default","site-content-style":"default","site-sidebar-style":"default","ast-global-header-display":"","ast-banner-title-visibility":"","ast-main-header-display":"","ast-hfb-above-header-display":"","ast-hfb-below-header-display":"","ast-hfb-mobile-header-display":"","site-post-title":"disabled","ast-breadcrumbs-content":"","ast-featured-img":"disabled","footer-sml-layout":"","theme-transparent-header-meta":"default","adv-header-id-meta":"","stick-header-meta":"default","header-above-stick-meta":"","header-main-stick-meta":"","header-below-stick-meta":"","astra-migrate-meta-layouts":"set","ast-page-background-enabled":"default","ast-page-background-meta":{"desktop":{"background-color":"var(--ast-global-color-4)","background-image":"","background-repeat":"repeat","background-position":"center center","background-size":"auto","background-attachment":"scroll","background-type":"","background-media":"","overlay-type":"","overlay-color":"","overlay-opacity":"","overlay-gradient":""},"tablet":{"background-color":"","background-image":"","background-repeat":"repeat","background-position":"center center","background-size":"auto","background-attachment":"scroll","background-type":"","background-media":"","overlay-type":"","overlay-color":"","overlay-opacity":"","overlay-gradient":""},"mobile":{"background-color":"","background-image":"","background-repeat":"repeat","background-position":"center center","background-size":"auto","background-attachment":"scroll","background-type":"","background-media":"","overlay-type":"","overlay-color":"","overlay-opacity":"","overlay-gradient":""}},"ast-content-background-meta":{"desktop":{"background-color":"var(--ast-global-color-5)","background-image":"","background-repeat":"repeat","background-position":"center center","background-size":"auto","background-attachment":"scroll","background-type":"","background-media":"","overlay-type":"","overlay-color":"","overlay-opacity":"","overlay-gradient":""},"tablet":{"background-color":"var(--ast-global-color-5)","background-image":"","background-repeat":"repeat","background-position":"center center","background-size":"auto","background-attachment":"scroll","background-type":"","background-media":"","overlay-type":"","overlay-color":"","overlay-opacity":"","overlay-gradient":""},"mobile":{"background-color":"var(--ast-global-color-5)","background-image":"","background-repeat":"repeat","background-position":"center center","background-size":"auto","background-attachment":"scroll","background-type":"","background-media":"","overlay-type":"","overlay-color":"","overlay-opacity":"","overlay-gradient":""}},"footnotes":""},"class_list":["post-1873","page","type-page","status-publish","hentry"],"acf":[],"yoast_head":"<!-- This site is optimized with the Yoast SEO Premium plugin v24.4 (Yoast SEO v27.5) - https:\/\/yoast.com\/product\/yoast-seo-premium-wordpress\/ -->\n<title>Telecomunicaciones - V2A<\/title>\n<meta name=\"robots\" content=\"index, follow, max-snippet:-1, max-image-preview:large, max-video-preview:-1\" \/>\n<link rel=\"canonical\" href=\"https:\/\/v2aconsulting.com\/es\/industrias\/telecomunicaciones\/\" \/>\n<meta property=\"og:locale\" content=\"es_ES\" \/>\n<meta property=\"og:type\" content=\"article\" \/>\n<meta property=\"og:title\" content=\"Telecomunicaciones\" \/>\n<meta property=\"og:description\" content=\"[vc_section full_width=&quot;stretch_row&quot; el_class=&quot;title-hero&quot; css=&quot;.vc_custom_1721247389668{background-image: url(https:\/\/v2aconsulting.com\/wp-content\/uploads\/2024\/07\/telecommunications-hero.jpg?id=567) !important;background-position: center !important;background-repeat: no-repeat !important;background-size: cover !important;}&quot;][vc_row full_width=&quot;stretch_row&quot;][vc_column][vc_column_text css=&quot;&quot; el_class=&quot;heading-with-line-1 white&quot;] Telecomunicaciones [\/vc_column_text][\/vc_column][\/vc_row][vc_row disable_element=&quot;yes&quot;][vc_column][vc_column_text css=&quot;&quot; [&hellip;]\" \/>\n<meta property=\"og:url\" content=\"https:\/\/v2aconsulting.com\/es\/industrias\/telecomunicaciones\/\" \/>\n<meta property=\"og:site_name\" content=\"V2A\" \/>\n<meta property=\"article:modified_time\" content=\"2025-01-29T19:09:34+00:00\" \/>\n<meta property=\"og:image\" content=\"https:\/\/v2aconsulting.com\/wp-content\/uploads\/2025\/02\/V2A-Opengraph.jpg\" \/>\n\t<meta property=\"og:image:width\" content=\"2000\" \/>\n\t<meta property=\"og:image:height\" content=\"835\" \/>\n\t<meta property=\"og:image:type\" content=\"image\/jpeg\" \/>\n<meta name=\"twitter:card\" content=\"summary_large_image\" \/>\n<meta name=\"twitter:label1\" content=\"Tiempo de lectura\" \/>\n\t<meta name=\"twitter:data1\" content=\"2 minutos\" \/>\n<script type=\"application\/ld+json\" class=\"yoast-schema-graph\">{\"@context\":\"https:\\\/\\\/schema.org\",\"@graph\":[{\"@type\":\"WebPage\",\"@id\":\"https:\\\/\\\/v2aconsulting.com\\\/es\\\/industrias\\\/telecomunicaciones\\\/\",\"url\":\"https:\\\/\\\/v2aconsulting.com\\\/es\\\/industrias\\\/telecomunicaciones\\\/\",\"name\":\"Telecomunicaciones - V2A\",\"isPartOf\":{\"@id\":\"https:\\\/\\\/v2aconsulting.com\\\/es\\\/#website\"},\"datePublished\":\"2024-07-12T15:07:08+00:00\",\"dateModified\":\"2025-01-29T19:09:34+00:00\",\"breadcrumb\":{\"@id\":\"https:\\\/\\\/v2aconsulting.com\\\/es\\\/industrias\\\/telecomunicaciones\\\/#breadcrumb\"},\"inLanguage\":\"es\",\"potentialAction\":[{\"@type\":\"ReadAction\",\"target\":[\"https:\\\/\\\/v2aconsulting.com\\\/es\\\/industrias\\\/telecomunicaciones\\\/\"]}]},{\"@type\":\"BreadcrumbList\",\"@id\":\"https:\\\/\\\/v2aconsulting.com\\\/es\\\/industrias\\\/telecomunicaciones\\\/#breadcrumb\",\"itemListElement\":[{\"@type\":\"ListItem\",\"position\":1,\"name\":\"Home\",\"item\":\"https:\\\/\\\/v2aconsulting.com\\\/es\\\/\"},{\"@type\":\"ListItem\",\"position\":2,\"name\":\"Industrias\",\"item\":\"https:\\\/\\\/v2aconsulting.com\\\/es\\\/industries\\\/\"},{\"@type\":\"ListItem\",\"position\":3,\"name\":\"Telecomunicaciones\"}]},{\"@type\":\"WebSite\",\"@id\":\"https:\\\/\\\/v2aconsulting.com\\\/es\\\/#website\",\"url\":\"https:\\\/\\\/v2aconsulting.com\\\/es\\\/\",\"name\":\"V2A\",\"description\":\"\",\"publisher\":{\"@id\":\"https:\\\/\\\/v2aconsulting.com\\\/es\\\/#organization\"},\"potentialAction\":[{\"@type\":\"SearchAction\",\"target\":{\"@type\":\"EntryPoint\",\"urlTemplate\":\"https:\\\/\\\/v2aconsulting.com\\\/es\\\/?s={search_term_string}\"},\"query-input\":{\"@type\":\"PropertyValueSpecification\",\"valueRequired\":true,\"valueName\":\"search_term_string\"}}],\"inLanguage\":\"es\"},{\"@type\":\"Organization\",\"@id\":\"https:\\\/\\\/v2aconsulting.com\\\/es\\\/#organization\",\"name\":\"V2A\",\"url\":\"https:\\\/\\\/v2aconsulting.com\\\/es\\\/\",\"logo\":{\"@type\":\"ImageObject\",\"inLanguage\":\"es\",\"@id\":\"https:\\\/\\\/v2aconsulting.com\\\/es\\\/#\\\/schema\\\/logo\\\/image\\\/\",\"url\":\"https:\\\/\\\/v2aconsulting.com\\\/wp-content\\\/uploads\\\/2024\\\/07\\\/v2a-logo-1.svg\",\"contentUrl\":\"https:\\\/\\\/v2aconsulting.com\\\/wp-content\\\/uploads\\\/2024\\\/07\\\/v2a-logo-1.svg\",\"caption\":\"V2A\"},\"image\":{\"@id\":\"https:\\\/\\\/v2aconsulting.com\\\/es\\\/#\\\/schema\\\/logo\\\/image\\\/\"}}]}<\/script>\n<!-- \/ Yoast SEO Premium plugin. -->","yoast_head_json":{"title":"Telecomunicaciones - V2A","robots":{"index":"index","follow":"follow","max-snippet":"max-snippet:-1","max-image-preview":"max-image-preview:large","max-video-preview":"max-video-preview:-1"},"canonical":"https:\/\/v2aconsulting.com\/es\/industrias\/telecomunicaciones\/","og_locale":"es_ES","og_type":"article","og_title":"Telecomunicaciones","og_description":"[vc_section full_width=\"stretch_row\" el_class=\"title-hero\" css=\".vc_custom_1721247389668{background-image: url(https:\/\/v2aconsulting.com\/wp-content\/uploads\/2024\/07\/telecommunications-hero.jpg?id=567) !important;background-position: center !important;background-repeat: no-repeat !important;background-size: cover !important;}\"][vc_row full_width=\"stretch_row\"][vc_column][vc_column_text css=\"\" el_class=\"heading-with-line-1 white\"] Telecomunicaciones [\/vc_column_text][\/vc_column][\/vc_row][vc_row disable_element=\"yes\"][vc_column][vc_column_text css=\"\" [&hellip;]","og_url":"https:\/\/v2aconsulting.com\/es\/industrias\/telecomunicaciones\/","og_site_name":"V2A","article_modified_time":"2025-01-29T19:09:34+00:00","og_image":[{"width":2000,"height":835,"url":"https:\/\/v2aconsulting.com\/wp-content\/uploads\/2025\/02\/V2A-Opengraph.jpg","type":"image\/jpeg"}],"twitter_card":"summary_large_image","twitter_misc":{"Tiempo de lectura":"2 minutos"},"schema":{"@context":"https:\/\/schema.org","@graph":[{"@type":"WebPage","@id":"https:\/\/v2aconsulting.com\/es\/industrias\/telecomunicaciones\/","url":"https:\/\/v2aconsulting.com\/es\/industrias\/telecomunicaciones\/","name":"Telecomunicaciones - V2A","isPartOf":{"@id":"https:\/\/v2aconsulting.com\/es\/#website"},"datePublished":"2024-07-12T15:07:08+00:00","dateModified":"2025-01-29T19:09:34+00:00","breadcrumb":{"@id":"https:\/\/v2aconsulting.com\/es\/industrias\/telecomunicaciones\/#breadcrumb"},"inLanguage":"es","potentialAction":[{"@type":"ReadAction","target":["https:\/\/v2aconsulting.com\/es\/industrias\/telecomunicaciones\/"]}]},{"@type":"BreadcrumbList","@id":"https:\/\/v2aconsulting.com\/es\/industrias\/telecomunicaciones\/#breadcrumb","itemListElement":[{"@type":"ListItem","position":1,"name":"Home","item":"https:\/\/v2aconsulting.com\/es\/"},{"@type":"ListItem","position":2,"name":"Industrias","item":"https:\/\/v2aconsulting.com\/es\/industries\/"},{"@type":"ListItem","position":3,"name":"Telecomunicaciones"}]},{"@type":"WebSite","@id":"https:\/\/v2aconsulting.com\/es\/#website","url":"https:\/\/v2aconsulting.com\/es\/","name":"V2A","description":"","publisher":{"@id":"https:\/\/v2aconsulting.com\/es\/#organization"},"potentialAction":[{"@type":"SearchAction","target":{"@type":"EntryPoint","urlTemplate":"https:\/\/v2aconsulting.com\/es\/?s={search_term_string}"},"query-input":{"@type":"PropertyValueSpecification","valueRequired":true,"valueName":"search_term_string"}}],"inLanguage":"es"},{"@type":"Organization","@id":"https:\/\/v2aconsulting.com\/es\/#organization","name":"V2A","url":"https:\/\/v2aconsulting.com\/es\/","logo":{"@type":"ImageObject","inLanguage":"es","@id":"https:\/\/v2aconsulting.com\/es\/#\/schema\/logo\/image\/","url":"https:\/\/v2aconsulting.com\/wp-content\/uploads\/2024\/07\/v2a-logo-1.svg","contentUrl":"https:\/\/v2aconsulting.com\/wp-content\/uploads\/2024\/07\/v2a-logo-1.svg","caption":"V2A"},"image":{"@id":"https:\/\/v2aconsulting.com\/es\/#\/schema\/logo\/image\/"}}]}},"_links":{"self":[{"href":"https:\/\/v2aconsulting.com\/es\/wp-json\/wp\/v2\/pages\/1873","targetHints":{"allow":["GET"]}}],"collection":[{"href":"https:\/\/v2aconsulting.com\/es\/wp-json\/wp\/v2\/pages"}],"about":[{"href":"https:\/\/v2aconsulting.com\/es\/wp-json\/wp\/v2\/types\/page"}],"author":[{"embeddable":true,"href":"https:\/\/v2aconsulting.com\/es\/wp-json\/wp\/v2\/users\/3"}],"replies":[{"embeddable":true,"href":"https:\/\/v2aconsulting.com\/es\/wp-json\/wp\/v2\/comments?post=1873"}],"version-history":[{"count":0,"href":"https:\/\/v2aconsulting.com\/es\/wp-json\/wp\/v2\/pages\/1873\/revisions"}],"up":[{"embeddable":true,"href":"https:\/\/v2aconsulting.com\/es\/wp-json\/wp\/v2\/pages\/3960"}],"wp:attachment":[{"href":"https:\/\/v2aconsulting.com\/es\/wp-json\/wp\/v2\/media?parent=1873"}],"curies":[{"name":"wp","href":"https:\/\/api.w.org\/{rel}","templated":true}]}}