{"id":1868,"date":"2024-07-12T11:02:10","date_gmt":"2024-07-12T15:02:10","guid":{"rendered":"https:\/\/v2aconsulting.com\/healthcare\/"},"modified":"2025-01-29T15:56:50","modified_gmt":"2025-01-29T19:56:50","slug":"salud","status":"publish","type":"page","link":"https:\/\/v2aconsulting.com\/es\/industrias\/salud\/","title":{"rendered":"Salud"},"content":{"rendered":"<div class=\"wpb-content-wrapper\"><p>[vc_section full_width=\"stretch_row\" el_class=\"title-hero\" css=\".vc_custom_1721245807075{background-image: url(https:\/\/v2aconsulting.com\/wp-content\/uploads\/2024\/07\/healthcare-hero.jpg?id=561) !important;background-position: center !important;background-repeat: no-repeat !important;background-size: cover !important;}\"][vc_row full_width=\"stretch_row\"][vc_column][vc_column_text css=\"\" el_class=\"heading-with-line-1 white\"]<\/p>\n<h2>Salud<\/h2>\n<p>[\/vc_column_text][\/vc_column][\/vc_row][vc_row disable_element=\"yes\"][vc_column][vc_column_text css=\"\" el_class=\"heading-with-line-1 white\"]<\/p>\n<h2>Nuestras Industrias<\/h2>\n<p>[\/vc_column_text][\/vc_column][\/vc_row][\/vc_section][vc_section full_width=\"stretch_row\"][vc_row full_width=\"stretch_row\"][vc_column width=\"1\/2\"][vc_column_text css=\"\"]La industria de la salud es intr\u00ednsecamente compleja y, con la evoluci\u00f3n de las fuerzas regulatorias, las cambiantes din\u00e1micas del mercado y los cambios demogr\u00e1ficos de los pacientes, abordar sus desaf\u00edos y transformar su modelo de negocios se ha vuelto a\u00fan m\u00e1s dif\u00edcil.<\/p>\n<p>Nuestra experiencia trabajando con partes interesadas clave en la cadena de valor, tanto pagadores como proveedores, nos ha proporcionado conocimientos profundos para posicionarlos mejor para el futuro.<\/p>\n<p>Entendemos los desaf\u00edos \u00fanicos del sistema de atenci\u00f3n m\u00e9dica, incluida la mejora de los resultados de los pacientes con fondos limitados y al mismo tiempo gestionamos las cargas administrativas y las ineficiencias de los procesos. Nuestro compromiso continuo con esta industria ha llevado al desarrollo de soluciones basadas en valores que, en \u00faltima instancia, mejoran la atenci\u00f3n y los resultados del paciente.[\/vc_column_text][\/vc_column][vc_column width=\"1\/2\"][vc_single_image image=\"557\" img_size=\"full\" alignment=\"center\" css=\"\"][\/vc_column][\/vc_row][vc_row full_width=\"stretch_row\" disable_element=\"yes\"][vc_column width=\"1\/2\"][vc_column_text css=\"\" el_class=\"heading-with-line-1\"]<\/p>\n<h2>Salud<\/h2>\n<p>[\/vc_column_text][vc_column_text css=\"\"]La industria de la salud es compleja y, con los continuos cambios en las regulaciones, la din\u00e1mica del mercado y la demograf\u00eda de los pacientes, se ha vuelto a\u00fan m\u00e1s complicado abordar sus desaf\u00edos y transformar su modelo de negocio. Nuestra vasta experiencia trabajando con las principales partes de la cadena de valor, tanto pagadores como proveedores, nos ha proporcionado un conocimiento experto para posicionarlos de la mejor manera para el futuro.[\/vc_column_text][vc_column_text css=\"\"]Entendemos las necesidades espec\u00edficas del sistema de salud; los pagadores necesitan mejorar continuamente el cuidado de los pacientes con fondos limitados, mientras que los proveedores deben aumentar su costo-efectividad para seguir siendo preferidos en el mercado, al tiempo que mejoran los resultados de los pacientes. Nuestro compromiso continuo con esta industria ha permitido la creaci\u00f3n de soluciones basadas en valor para nuestros clientes, que tambi\u00e9n benefician la salud y el cuidado de los pacientes.[\/vc_column_text][\/vc_column][vc_column width=\"1\/2\"][vc_single_image image=\"557\" img_size=\"full\" alignment=\"center\" css=\"\"][\/vc_column][\/vc_row][\/vc_section][vc_section full_width=\"stretch_row\" el_class=\"related-insights-section\"][vc_row full_width=\"stretch_row\"][vc_column][vc_column_text css=\"\" el_class=\"heading-with-line-1\"]<\/p>\n<h2>Insights relacionados<\/h2>\n<p>[\/vc_column_text][vc_basic_grid post_type=\"insights\" max_items=\"3\" gap=\"35\" item=\"51\" css=\"\" grid_id=\"vc_gid:1738180579404-fd25b734-61a9-4\" taxonomies=\"44\" el_class=\"grid-related-insights\"][vc_column_text css=\"\" el_class=\"button-01\"]<\/p>\n<p style=\"text-align: center;\"><a href=\"https:\/\/v2aconsulting.com\/es\/insights\/\">M\u00e1s insights<\/a><\/p>\n<p>[\/vc_column_text][\/vc_column][\/vc_row][\/vc_section]<\/p>\n<\/div>","protected":false},"excerpt":{"rendered":"<p>[vc_section full_width=\"stretch_row\" el_class=\"title-hero\" css=\".vc_custom_1721245807075{background-image: url(https:\/\/v2aconsulting.com\/wp-content\/uploads\/2024\/07\/healthcare-hero.jpg?id=561) !important;background-position: center !important;background-repeat: no-repeat !important;background-size: cover !important;}\"][vc_row full_width=\"stretch_row\"][vc_column][vc_column_text css=\"\" el_class=\"heading-with-line-1 white\"] Salud [\/vc_column_text][\/vc_column][\/vc_row][vc_row disable_element=\"yes\"][vc_column][vc_column_text css=\"\" [&hellip;]<\/p>\n","protected":false},"author":3,"featured_media":0,"parent":3960,"menu_order":0,"comment_status":"closed","ping_status":"closed","template":"","meta":{"_acf_changed":false,"inline_featured_image":false,"site-sidebar-layout":"no-sidebar","site-content-layout":"plain-container","ast-site-content-layout":"default","site-content-style":"default","site-sidebar-style":"default","ast-global-header-display":"","ast-banner-title-visibility":"","ast-main-header-display":"","ast-hfb-above-header-display":"","ast-hfb-below-header-display":"","ast-hfb-mobile-header-display":"","site-post-title":"disabled","ast-breadcrumbs-content":"","ast-featured-img":"disabled","footer-sml-layout":"","theme-transparent-header-meta":"default","adv-header-id-meta":"","stick-header-meta":"default","header-above-stick-meta":"","header-main-stick-meta":"","header-below-stick-meta":"","astra-migrate-meta-layouts":"set","ast-page-background-enabled":"default","ast-page-background-meta":{"desktop":{"background-color":"var(--ast-global-color-4)","background-image":"","background-repeat":"repeat","background-position":"center center","background-size":"auto","background-attachment":"scroll","background-type":"","background-media":"","overlay-type":"","overlay-color":"","overlay-opacity":"","overlay-gradient":""},"tablet":{"background-color":"","background-image":"","background-repeat":"repeat","background-position":"center center","background-size":"auto","background-attachment":"scroll","background-type":"","background-media":"","overlay-type":"","overlay-color":"","overlay-opacity":"","overlay-gradient":""},"mobile":{"background-color":"","background-image":"","background-repeat":"repeat","background-position":"center center","background-size":"auto","background-attachment":"scroll","background-type":"","background-media":"","overlay-type":"","overlay-color":"","overlay-opacity":"","overlay-gradient":""}},"ast-content-background-meta":{"desktop":{"background-color":"var(--ast-global-color-5)","background-image":"","background-repeat":"repeat","background-position":"center center","background-size":"auto","background-attachment":"scroll","background-type":"","background-media":"","overlay-type":"","overlay-color":"","overlay-opacity":"","overlay-gradient":""},"tablet":{"background-color":"var(--ast-global-color-5)","background-image":"","background-repeat":"repeat","background-position":"center center","background-size":"auto","background-attachment":"scroll","background-type":"","background-media":"","overlay-type":"","overlay-color":"","overlay-opacity":"","overlay-gradient":""},"mobile":{"background-color":"var(--ast-global-color-5)","background-image":"","background-repeat":"repeat","background-position":"center center","background-size":"auto","background-attachment":"scroll","background-type":"","background-media":"","overlay-type":"","overlay-color":"","overlay-opacity":"","overlay-gradient":""}},"footnotes":""},"class_list":["post-1868","page","type-page","status-publish","hentry"],"acf":[],"yoast_head":"<!-- This site is optimized with the Yoast SEO Premium plugin v24.4 (Yoast SEO v27.0) - https:\/\/yoast.com\/product\/yoast-seo-premium-wordpress\/ -->\n<title>Salud - V2A<\/title>\n<meta name=\"robots\" content=\"index, follow, max-snippet:-1, max-image-preview:large, max-video-preview:-1\" \/>\n<link rel=\"canonical\" href=\"https:\/\/v2aconsulting.com\/es\/industrias\/salud\/\" \/>\n<meta property=\"og:locale\" content=\"es_ES\" \/>\n<meta property=\"og:type\" content=\"article\" \/>\n<meta property=\"og:title\" content=\"Salud\" \/>\n<meta property=\"og:description\" content=\"[vc_section full_width=&quot;stretch_row&quot; el_class=&quot;title-hero&quot; css=&quot;.vc_custom_1721245807075{background-image: url(https:\/\/v2aconsulting.com\/wp-content\/uploads\/2024\/07\/healthcare-hero.jpg?id=561) !important;background-position: center !important;background-repeat: no-repeat !important;background-size: cover !important;}&quot;][vc_row full_width=&quot;stretch_row&quot;][vc_column][vc_column_text css=&quot;&quot; el_class=&quot;heading-with-line-1 white&quot;] Salud [\/vc_column_text][\/vc_column][\/vc_row][vc_row disable_element=&quot;yes&quot;][vc_column][vc_column_text css=&quot;&quot; [&hellip;]\" \/>\n<meta property=\"og:url\" content=\"https:\/\/v2aconsulting.com\/es\/industrias\/salud\/\" \/>\n<meta property=\"og:site_name\" content=\"V2A\" \/>\n<meta property=\"article:modified_time\" content=\"2025-01-29T19:56:50+00:00\" \/>\n<meta property=\"og:image\" content=\"https:\/\/v2aconsulting.com\/wp-content\/uploads\/2025\/02\/V2A-Opengraph.jpg\" \/>\n\t<meta property=\"og:image:width\" content=\"2000\" \/>\n\t<meta property=\"og:image:height\" content=\"835\" \/>\n\t<meta property=\"og:image:type\" content=\"image\/jpeg\" \/>\n<meta name=\"twitter:card\" content=\"summary_large_image\" \/>\n<meta name=\"twitter:label1\" content=\"Tiempo de lectura\" \/>\n\t<meta name=\"twitter:data1\" content=\"2 minutos\" \/>\n<script type=\"application\/ld+json\" class=\"yoast-schema-graph\">{\"@context\":\"https:\/\/schema.org\",\"@graph\":[{\"@type\":\"WebPage\",\"@id\":\"https:\/\/v2aconsulting.com\/es\/industrias\/salud\/\",\"url\":\"https:\/\/v2aconsulting.com\/es\/industrias\/salud\/\",\"name\":\"Salud - V2A\",\"isPartOf\":{\"@id\":\"https:\/\/v2aconsulting.com\/es\/#website\"},\"datePublished\":\"2024-07-12T15:02:10+00:00\",\"dateModified\":\"2025-01-29T19:56:50+00:00\",\"breadcrumb\":{\"@id\":\"https:\/\/v2aconsulting.com\/es\/industrias\/salud\/#breadcrumb\"},\"inLanguage\":\"es\",\"potentialAction\":[{\"@type\":\"ReadAction\",\"target\":[\"https:\/\/v2aconsulting.com\/es\/industrias\/salud\/\"]}]},{\"@type\":\"BreadcrumbList\",\"@id\":\"https:\/\/v2aconsulting.com\/es\/industrias\/salud\/#breadcrumb\",\"itemListElement\":[{\"@type\":\"ListItem\",\"position\":1,\"name\":\"Home\",\"item\":\"https:\/\/v2aconsulting.com\/es\/\"},{\"@type\":\"ListItem\",\"position\":2,\"name\":\"Industrias\",\"item\":\"https:\/\/v2aconsulting.com\/es\/industries\/\"},{\"@type\":\"ListItem\",\"position\":3,\"name\":\"Salud\"}]},{\"@type\":\"WebSite\",\"@id\":\"https:\/\/v2aconsulting.com\/es\/#website\",\"url\":\"https:\/\/v2aconsulting.com\/es\/\",\"name\":\"V2A\",\"description\":\"\",\"publisher\":{\"@id\":\"https:\/\/v2aconsulting.com\/es\/#organization\"},\"potentialAction\":[{\"@type\":\"SearchAction\",\"target\":{\"@type\":\"EntryPoint\",\"urlTemplate\":\"https:\/\/v2aconsulting.com\/es\/?s={search_term_string}\"},\"query-input\":{\"@type\":\"PropertyValueSpecification\",\"valueRequired\":true,\"valueName\":\"search_term_string\"}}],\"inLanguage\":\"es\"},{\"@type\":\"Organization\",\"@id\":\"https:\/\/v2aconsulting.com\/es\/#organization\",\"name\":\"V2A\",\"url\":\"https:\/\/v2aconsulting.com\/es\/\",\"logo\":{\"@type\":\"ImageObject\",\"inLanguage\":\"es\",\"@id\":\"https:\/\/v2aconsulting.com\/es\/#\/schema\/logo\/image\/\",\"url\":\"https:\/\/v2aconsulting.com\/wp-content\/uploads\/2024\/07\/v2a-logo-1.svg\",\"contentUrl\":\"https:\/\/v2aconsulting.com\/wp-content\/uploads\/2024\/07\/v2a-logo-1.svg\",\"caption\":\"V2A\"},\"image\":{\"@id\":\"https:\/\/v2aconsulting.com\/es\/#\/schema\/logo\/image\/\"}}]}<\/script>\n<!-- \/ Yoast SEO Premium plugin. -->","yoast_head_json":{"title":"Salud - V2A","robots":{"index":"index","follow":"follow","max-snippet":"max-snippet:-1","max-image-preview":"max-image-preview:large","max-video-preview":"max-video-preview:-1"},"canonical":"https:\/\/v2aconsulting.com\/es\/industrias\/salud\/","og_locale":"es_ES","og_type":"article","og_title":"Salud","og_description":"[vc_section full_width=\"stretch_row\" el_class=\"title-hero\" css=\".vc_custom_1721245807075{background-image: url(https:\/\/v2aconsulting.com\/wp-content\/uploads\/2024\/07\/healthcare-hero.jpg?id=561) !important;background-position: center !important;background-repeat: no-repeat !important;background-size: cover !important;}\"][vc_row full_width=\"stretch_row\"][vc_column][vc_column_text css=\"\" el_class=\"heading-with-line-1 white\"] Salud [\/vc_column_text][\/vc_column][\/vc_row][vc_row disable_element=\"yes\"][vc_column][vc_column_text css=\"\" [&hellip;]","og_url":"https:\/\/v2aconsulting.com\/es\/industrias\/salud\/","og_site_name":"V2A","article_modified_time":"2025-01-29T19:56:50+00:00","og_image":[{"width":2000,"height":835,"url":"https:\/\/v2aconsulting.com\/wp-content\/uploads\/2025\/02\/V2A-Opengraph.jpg","type":"image\/jpeg"}],"twitter_card":"summary_large_image","twitter_misc":{"Tiempo de lectura":"2 minutos"},"schema":{"@context":"https:\/\/schema.org","@graph":[{"@type":"WebPage","@id":"https:\/\/v2aconsulting.com\/es\/industrias\/salud\/","url":"https:\/\/v2aconsulting.com\/es\/industrias\/salud\/","name":"Salud - V2A","isPartOf":{"@id":"https:\/\/v2aconsulting.com\/es\/#website"},"datePublished":"2024-07-12T15:02:10+00:00","dateModified":"2025-01-29T19:56:50+00:00","breadcrumb":{"@id":"https:\/\/v2aconsulting.com\/es\/industrias\/salud\/#breadcrumb"},"inLanguage":"es","potentialAction":[{"@type":"ReadAction","target":["https:\/\/v2aconsulting.com\/es\/industrias\/salud\/"]}]},{"@type":"BreadcrumbList","@id":"https:\/\/v2aconsulting.com\/es\/industrias\/salud\/#breadcrumb","itemListElement":[{"@type":"ListItem","position":1,"name":"Home","item":"https:\/\/v2aconsulting.com\/es\/"},{"@type":"ListItem","position":2,"name":"Industrias","item":"https:\/\/v2aconsulting.com\/es\/industries\/"},{"@type":"ListItem","position":3,"name":"Salud"}]},{"@type":"WebSite","@id":"https:\/\/v2aconsulting.com\/es\/#website","url":"https:\/\/v2aconsulting.com\/es\/","name":"V2A","description":"","publisher":{"@id":"https:\/\/v2aconsulting.com\/es\/#organization"},"potentialAction":[{"@type":"SearchAction","target":{"@type":"EntryPoint","urlTemplate":"https:\/\/v2aconsulting.com\/es\/?s={search_term_string}"},"query-input":{"@type":"PropertyValueSpecification","valueRequired":true,"valueName":"search_term_string"}}],"inLanguage":"es"},{"@type":"Organization","@id":"https:\/\/v2aconsulting.com\/es\/#organization","name":"V2A","url":"https:\/\/v2aconsulting.com\/es\/","logo":{"@type":"ImageObject","inLanguage":"es","@id":"https:\/\/v2aconsulting.com\/es\/#\/schema\/logo\/image\/","url":"https:\/\/v2aconsulting.com\/wp-content\/uploads\/2024\/07\/v2a-logo-1.svg","contentUrl":"https:\/\/v2aconsulting.com\/wp-content\/uploads\/2024\/07\/v2a-logo-1.svg","caption":"V2A"},"image":{"@id":"https:\/\/v2aconsulting.com\/es\/#\/schema\/logo\/image\/"}}]}},"_links":{"self":[{"href":"https:\/\/v2aconsulting.com\/es\/wp-json\/wp\/v2\/pages\/1868","targetHints":{"allow":["GET"]}}],"collection":[{"href":"https:\/\/v2aconsulting.com\/es\/wp-json\/wp\/v2\/pages"}],"about":[{"href":"https:\/\/v2aconsulting.com\/es\/wp-json\/wp\/v2\/types\/page"}],"author":[{"embeddable":true,"href":"https:\/\/v2aconsulting.com\/es\/wp-json\/wp\/v2\/users\/3"}],"replies":[{"embeddable":true,"href":"https:\/\/v2aconsulting.com\/es\/wp-json\/wp\/v2\/comments?post=1868"}],"version-history":[{"count":0,"href":"https:\/\/v2aconsulting.com\/es\/wp-json\/wp\/v2\/pages\/1868\/revisions"}],"up":[{"embeddable":true,"href":"https:\/\/v2aconsulting.com\/es\/wp-json\/wp\/v2\/pages\/3960"}],"wp:attachment":[{"href":"https:\/\/v2aconsulting.com\/es\/wp-json\/wp\/v2\/media?parent=1868"}],"curies":[{"name":"wp","href":"https:\/\/api.w.org\/{rel}","templated":true}]}}